{"id":238631,"date":"2021-12-09T12:23:57","date_gmt":"2021-12-09T12:23:57","guid":{"rendered":"https:\/\/sicred.com.al\/?page_id=238631"},"modified":"2023-04-28T07:48:01","modified_gmt":"2023-04-28T07:48:01","slug":"services","status":"publish","type":"page","link":"https:\/\/sicred.com.al\/en\/services\/","title":{"rendered":"Services"},"content":{"rendered":"<p>[et_pb_section fb_built=&#8221;1&#8243; _builder_version=&#8221;4.16&#8243; _module_preset=&#8221;default&#8221; background_color=&#8221;rgba(0,0,0,0)&#8221; use_background_color_gradient=&#8221;on&#8221; background_image=&#8221;https:\/\/sicred.com.al\/wp-content\/uploads\/2021\/06\/loan.jpg&#8221; vertical_offset_tablet=&#8221;0&#8243; horizontal_offset_tablet=&#8221;0&#8243; custom_margin=&#8221;0px|0px|0px|0px|false|false&#8221; custom_padding=&#8221;0px|0px|0px|0px|false|false&#8221; da_disable_devices=&#8221;off|off|off&#8221; box_shadow_horizontal_tablet=&#8221;0px&#8221; box_shadow_vertical_tablet=&#8221;0px&#8221; box_shadow_blur_tablet=&#8221;40px&#8221; box_shadow_spread_tablet=&#8221;0px&#8221; global_colors_info=&#8221;{}&#8221; da_is_popup=&#8221;off&#8221; da_exit_intent=&#8221;off&#8221; da_has_close=&#8221;on&#8221; da_alt_close=&#8221;off&#8221; da_dark_close=&#8221;off&#8221; da_not_modal=&#8221;on&#8221; da_is_singular=&#8221;off&#8221; da_with_loader=&#8221;off&#8221; da_has_shadow=&#8221;on&#8221;][et_pb_row use_custom_gutter=&#8221;on&#8221; gutter_width=&#8221;1&#8243; custom_padding_last_edited=&#8221;on|phone&#8221; admin_label=&#8221;Mobile Optin Module&#8221; module_class=&#8221; et_pb_row_fullwidth&#8221; _builder_version=&#8221;4.16&#8243; background_color=&#8221;rgba(21,69,119,0.49)&#8221; use_background_color_gradient=&#8221;on&#8221; background_color_gradient_stops=&#8221;rgba(21,69,119,0.9) 0%|rgba(21,69,119,0.65) 100%&#8221; background_color_gradient_start=&#8221;rgba(21,69,119,0.9)&#8221; background_color_gradient_end=&#8221;rgba(21,69,119,0.65)&#8221; width=&#8221;100%&#8221; width_tablet=&#8221;100%&#8221; width_phone=&#8221;&#8221; width_last_edited=&#8221;on|desktop&#8221; max_width=&#8221;100%&#8221; max_width_tablet=&#8221;100%&#8221; max_width_phone=&#8221;&#8221; max_width_last_edited=&#8221;on|desktop&#8221; min_height=&#8221;100%&#8221; height=&#8221;100%&#8221; max_height=&#8221;100%&#8221; custom_padding=&#8221;1%|10%|5%|10%|false|true&#8221; custom_padding_tablet=&#8221;&#8221; custom_padding_phone=&#8221;1%||3%||false|true&#8221; custom_css_main_element=&#8221; overflow: visible;&#8221; make_fullwidth=&#8221;on&#8221; locked=&#8221;off&#8221; collapsed=&#8221;off&#8221; global_colors_info=&#8221;{}&#8221;][et_pb_column type=&#8221;4_4&#8243; _builder_version=&#8221;4.16&#8243; custom_padding=&#8221;10%|10%||10%|false|true&#8221; custom_padding_tablet=&#8221;||40px|&#8221; custom_padding_phone=&#8221;&#8221; custom_padding_last_edited=&#8221;on|tablet&#8221; global_colors_info=&#8221;{}&#8221; custom_padding__hover=&#8221;|||&#8221;][et_pb_text _builder_version=&#8221;4.16&#8243; _module_preset=&#8221;default&#8221; text_font=&#8221;Futura pt||||||||&#8221; header_font=&#8221;Futura pt||||||||&#8221; header_text_align=&#8221;left&#8221; header_font_size=&#8221;40px&#8221; header_2_font=&#8221;Futura pt|||on|||||&#8221; header_2_text_align=&#8221;left&#8221; header_2_text_color=&#8221;#f7f9fc&#8221; header_2_font_size=&#8221;42px&#8221; custom_margin=&#8221;||||false|false&#8221; custom_margin_tablet=&#8221;10%||||false|false&#8221; custom_margin_phone=&#8221;20%||||false|false&#8221; custom_margin_last_edited=&#8221;on|tablet&#8221; header_font_size_tablet=&#8221;25px&#8221; header_font_size_phone=&#8221;&#8221; header_font_size_last_edited=&#8221;on|tablet&#8221; header_2_font_size_tablet=&#8221;30px&#8221; header_2_font_size_phone=&#8221;18px&#8221; header_2_font_size_last_edited=&#8221;on|phone&#8221; border_color_top=&#8221;#154577&#8243; global_colors_info=&#8221;{}&#8221;]<\/p>\n<h2 style=\"text-align: center;\">sERVICES<\/h2>\n<p>[\/et_pb_text][\/et_pb_column][\/et_pb_row][\/et_pb_section][et_pb_section fb_built=&#8221;1&#8243; _builder_version=&#8221;4.16&#8243; da_disable_devices=&#8221;off|off|off&#8221; global_colors_info=&#8221;{}&#8221; da_is_popup=&#8221;off&#8221; da_exit_intent=&#8221;off&#8221; da_has_close=&#8221;on&#8221; da_alt_close=&#8221;off&#8221; da_dark_close=&#8221;off&#8221; da_not_modal=&#8221;on&#8221; da_is_singular=&#8221;off&#8221; da_with_loader=&#8221;off&#8221; da_has_shadow=&#8221;on&#8221;][et_pb_row column_structure=&#8221;1_3,1_3,1_3&#8243; _builder_version=&#8221;4.16&#8243; _module_preset=&#8221;default&#8221; width=&#8221;90%&#8221; max_width=&#8221;80%&#8221; global_colors_info=&#8221;{}&#8221;][et_pb_column type=&#8221;1_3&#8243; _builder_version=&#8221;4.16&#8243; _module_preset=&#8221;default&#8221; global_colors_info=&#8221;{}&#8221;][et_pb_blurb title=&#8221;Voluntary Pension Fund&#8221; image=&#8221;https:\/\/sicred.com.al\/wp-content\/uploads\/2021\/12\/pensione.png&#8221; icon_placement=&#8221;left&#8221; _builder_version=&#8221;4.19.4&#8243; _module_preset=&#8221;default&#8221; header_level=&#8221;h6&#8243; header_font=&#8221;Futura pt|||on|||||&#8221; header_text_color=&#8221;#154577&#8243; header_font_size=&#8221;18px&#8221; body_font=&#8221;Futura pt||||||||&#8221; body_font_size=&#8221;12px&#8221; custom_padding=&#8221;|20px|||false|false&#8221; link_option_url=&#8221;https:\/\/sicred.com.al\/en\/pensione-vullnetare\/&#8221; link_option_url_new_window=&#8221;on&#8221; custom_css_blurb_image=&#8221;width: 50px !important;&#8221; locked=&#8221;off&#8221; global_colors_info=&#8221;{}&#8221; header_text_color__hover_enabled=&#8221;on|desktop&#8221; header_text_color__hover=&#8221;#C52B1B&#8221; border_width_right=&#8221;0.5px&#8221; border_color_right=&#8221;#e8e8e8&#8243; hover_enabled=&#8221;0&#8243; sticky_enabled=&#8221;0&#8243;]<\/p>\n<p><span>Plan your retirement now! Become a member of \u201cCREDINS Pension\u201d Voluntary Pension Fund as the best alternative for adding additional income to your state pension.<\/span><\/p>\n<p><a href=\"https:\/\/sicred.com.al\/en\/pensione-vullnetare\/\"><span style=\"text-decoration: underline; color: #c52b1b;\">READ MORE<\/span><\/a><\/p>\n<p>[\/et_pb_blurb][\/et_pb_column][et_pb_column type=&#8221;1_3&#8243; _builder_version=&#8221;4.16&#8243; _module_preset=&#8221;default&#8221; global_colors_info=&#8221;{}&#8221;][et_pb_blurb title=&#8221;Investment Fund&#8221; image=&#8221;https:\/\/sicred.com.al\/wp-content\/uploads\/2021\/12\/fond-investimi.png&#8221; icon_placement=&#8221;left&#8221; _builder_version=&#8221;4.19.4&#8243; _module_preset=&#8221;default&#8221; header_level=&#8221;h6&#8243; header_font=&#8221;Futura pt|||on|||||&#8221; header_text_color=&#8221;#154577&#8243; header_font_size=&#8221;18px&#8221; body_font=&#8221;Futura pt||||||||&#8221; body_font_size=&#8221;12px&#8221; custom_padding=&#8221;|20px|||false|false&#8221; link_option_url=&#8221;https:\/\/sicred.com.al\/en\/fond-investimi\/&#8221; link_option_url_new_window=&#8221;on&#8221; custom_css_blurb_image=&#8221;width: 50px !important;&#8221; border_width_right=&#8221;1px&#8221; border_color_right=&#8221;rgba(51,51,51,0.1)&#8221; border_color_bottom=&#8221;rgba(51,51,51,0.4)&#8221; locked=&#8221;off&#8221; global_colors_info=&#8221;{}&#8221; header_text_color__hover_enabled=&#8221;on|desktop&#8221; header_text_color__hover=&#8221;#C52B1B&#8221;]<\/p>\n<p><span>Choose \u201cCREDINS Premium\u201d Investment Fund to invest your savings, one of the forms of collective investment undertakings with open participation, created on the basis of a contract, through public offering of units.<\/span><\/p>\n<p><a href=\"https:\/\/sicred.com.al\/en\/fond-investimi\/\"><span style=\"text-decoration: underline; color: #c52b1b;\">READ MORE<\/span><\/a><\/p>\n<p>[\/et_pb_blurb][\/et_pb_column][et_pb_column type=&#8221;1_3&#8243; _builder_version=&#8221;4.16&#8243; _module_preset=&#8221;default&#8221; global_colors_info=&#8221;{}&#8221;][et_pb_blurb title=&#8221;Legal Advice&#8221; image=&#8221;https:\/\/sicred.com.al\/wp-content\/uploads\/2023\/04\/consultation.png&#8221; icon_placement=&#8221;left&#8221; _builder_version=&#8221;4.19.4&#8243; _module_preset=&#8221;default&#8221; header_level=&#8221;h6&#8243; header_font=&#8221;Futura pt|||on|||||&#8221; header_text_color=&#8221;#154577&#8243; header_font_size=&#8221;18px&#8221; body_font=&#8221;Futura pt||||||||&#8221; body_font_size=&#8221;12px&#8221; custom_padding=&#8221;|20px|||false|false&#8221; link_option_url=&#8221;https:\/\/sicred.com.al\/en\/legal-advice\/&#8221; link_option_url_new_window=&#8221;on&#8221; custom_css_blurb_image=&#8221;width: 50px !important;&#8221; locked=&#8221;off&#8221; global_colors_info=&#8221;{}&#8221; header_text_color__hover_enabled=&#8221;on|desktop&#8221; header_text_color__hover=&#8221;#C52B1B&#8221;]<\/p>\n<p><span>Through\u00a0<\/span><a href=\"https:\/\/sicred-assistance.com.al\/\">SiCRED Assistance<\/a><span> you will receive consulting services for the implementation of applicable labour\u00a0legislation, through a dedicated team of qualified and experienced professionals.<\/span><\/p>\n<p><a href=\"https:\/\/sicred.com.al\/en\/legal-advice\/\"><span style=\"text-decoration: underline; color: #c52b1b;\">READ MORE<\/span><\/a><\/p>\n<p>[\/et_pb_blurb][\/et_pb_column][\/et_pb_row][et_pb_row column_structure=&#8221;1_3,1_3,1_3&#8243; _builder_version=&#8221;4.16&#8243; _module_preset=&#8221;default&#8221; width=&#8221;90%&#8221; max_width=&#8221;80%&#8221; global_colors_info=&#8221;{}&#8221;][et_pb_column type=&#8221;1_3&#8243; _builder_version=&#8221;4.16&#8243; _module_preset=&#8221;default&#8221; global_colors_info=&#8221;{}&#8221;][et_pb_blurb title=&#8221;Safety and Health at Work&#8221; image=&#8221;https:\/\/sicred.com.al\/wp-content\/uploads\/2021\/12\/siguria-dhe-shendeti.png&#8221; icon_placement=&#8221;left&#8221; _builder_version=&#8221;4.19.4&#8243; _module_preset=&#8221;default&#8221; header_level=&#8221;h6&#8243; header_font=&#8221;Futura pt|||on|||||&#8221; header_text_color=&#8221;#154577&#8243; header_font_size=&#8221;18px&#8221; body_font=&#8221;Futura pt||||||||&#8221; body_font_size=&#8221;12px&#8221; custom_padding=&#8221;|20px|||false|false&#8221; link_option_url=&#8221;https:\/\/sicred.com.al\/en\/siguria-dhe-shendeti-ne-pune\/&#8221; link_option_url_new_window=&#8221;on&#8221; custom_css_blurb_image=&#8221;width: 50px !important;&#8221; border_width_right=&#8221;1px&#8221; border_color_right=&#8221;rgba(51,51,51,0.1)&#8221; border_color_bottom=&#8221;rgba(51,51,51,0.4)&#8221; locked=&#8221;off&#8221; global_colors_info=&#8221;{}&#8221; header_text_color__hover_enabled=&#8221;on|desktop&#8221; header_text_color__hover=&#8221;#C52B1B&#8221;]<\/p>\n<p><span>The objective of the company activity is to provide assistance and consultancy to the employing companies for the implementation of legislation and technical regulations to ensure the welfare of their employees.<\/span><\/p>\n<p><span style=\"text-decoration: underline; color: #c52b1b;\">READ MORE<\/span><\/p>\n<p>[\/et_pb_blurb][\/et_pb_column][et_pb_column type=&#8221;1_3&#8243; _builder_version=&#8221;4.16&#8243; _module_preset=&#8221;default&#8221; global_colors_info=&#8221;{}&#8221;][et_pb_blurb title=&#8221;Employment Mediation&#8221; image=&#8221;https:\/\/sicred.com.al\/wp-content\/uploads\/2021\/12\/ndermjetesimi.png&#8221; icon_placement=&#8221;left&#8221; _builder_version=&#8221;4.19.4&#8243; _module_preset=&#8221;default&#8221; header_level=&#8221;h6&#8243; header_font=&#8221;Futura pt|||on|||||&#8221; header_text_color=&#8221;#154577&#8243; header_font_size=&#8221;18px&#8221; body_font=&#8221;Futura pt||||||||&#8221; body_font_size=&#8221;12px&#8221; custom_padding=&#8221;|20px|||false|false&#8221; link_option_url=&#8221;https:\/\/sicred.com.al\/en\/ndermjetesim-ne-punesim\/&#8221; link_option_url_new_window=&#8221;on&#8221; custom_css_blurb_image=&#8221;width: 50px !important;&#8221; border_width_right=&#8221;1px&#8221; border_color_right=&#8221;rgba(51,51,51,0.1)&#8221; border_color_bottom=&#8221;rgba(51,51,51,0.4)&#8221; locked=&#8221;off&#8221; global_colors_info=&#8221;{}&#8221; header_text_color__hover_enabled=&#8221;on|desktop&#8221; header_text_color__hover=&#8221;#C52B1B&#8221;]<\/p>\n<p><span>Services that are offered for the employer are mainly related to the information of the labor market, services for offering the possible candidates for job recruitment, information on different schemes of labor market\u2026etc..<\/span><\/p>\n<p><a href=\"https:\/\/sicred.com.al\/en\/ndermjetesim-ne-punesim\/\"><span style=\"text-decoration: underline; color: #c52b1b;\">READ MORE<\/span><\/a><\/p>\n<p>[\/et_pb_blurb][\/et_pb_column][et_pb_column type=&#8221;1_3&#8243; _builder_version=&#8221;4.16&#8243; _module_preset=&#8221;default&#8221; global_colors_info=&#8221;{}&#8221;][et_pb_blurb title=&#8221;Mediation for medical services&#8221; image=&#8221;https:\/\/sicred.com.al\/wp-content\/uploads\/2021\/12\/Spitalet.png&#8221; icon_placement=&#8221;left&#8221; _builder_version=&#8221;4.19.4&#8243; _module_preset=&#8221;default&#8221; header_level=&#8221;h6&#8243; header_font=&#8221;Futura pt|||on|||||&#8221; header_text_color=&#8221;#154577&#8243; header_font_size=&#8221;18px&#8221; body_font=&#8221;Futura pt||||||||&#8221; body_font_size=&#8221;12px&#8221; custom_padding=&#8221;|20px|||false|false&#8221; link_option_url=&#8221;https:\/\/sicred.com.al\/en\/ndermjetesim-per-sherbime-mjekesore\/&#8221; link_option_url_new_window=&#8221;on&#8221; custom_css_blurb_image=&#8221;width: 50px !important;&#8221; locked=&#8221;off&#8221; global_colors_info=&#8221;{}&#8221; header_text_color__hover_enabled=&#8221;on|desktop&#8221; header_text_color__hover=&#8221;#C52B1B&#8221;]<\/p>\n<p><span>Provides the mediation service to bring together patients with hospitals and clinics in Europe, to receive better quality medical services and comply with patient needs.<\/span><\/p>\n<p><a href=\"https:\/\/sicred.com.al\/en\/ndermjetesim-per-sherbime-mjekesore\/\"><span style=\"text-decoration: underline; color: #c52b1b;\">READ MORE<\/span><\/a><\/p>\n<p>[\/et_pb_blurb][\/et_pb_column][\/et_pb_row][et_pb_row column_structure=&#8221;1_3,1_3,1_3&#8243; _builder_version=&#8221;4.16&#8243; _module_preset=&#8221;default&#8221; width=&#8221;90%&#8221; max_width=&#8221;80%&#8221; global_colors_info=&#8221;{}&#8221;][et_pb_column type=&#8221;1_3&#8243; _builder_version=&#8221;4.16&#8243; _module_preset=&#8221;default&#8221; global_colors_info=&#8221;{}&#8221;][et_pb_blurb title=&#8221;Albanian Tradition in the focus of business&#8221; image=&#8221;https:\/\/sicred.com.al\/wp-content\/uploads\/2023\/04\/sketch.png&#8221; icon_placement=&#8221;left&#8221; _builder_version=&#8221;4.19.4&#8243; _module_preset=&#8221;default&#8221; header_level=&#8221;h6&#8243; header_font=&#8221;Futura pt|||on|||||&#8221; header_text_color=&#8221;#154577&#8243; header_font_size=&#8221;18px&#8221; body_font=&#8221;Futura pt||||||||&#8221; body_font_size=&#8221;12px&#8221; custom_padding=&#8221;|20px|||false|false&#8221; link_option_url=&#8221;https:\/\/sicred.com.al\/en\/albanian-tradition-in-the-focus-of-business\/&#8221; link_option_url_new_window=&#8221;on&#8221; custom_css_blurb_image=&#8221;width: 50px !important;&#8221; locked=&#8221;off&#8221; global_colors_info=&#8221;{}&#8221; header_text_color__hover_enabled=&#8221;on|desktop&#8221; header_text_color__hover=&#8221;#C52B1B&#8221;]<\/p>\n<p><span>SiCRED Distribution has started as an important project in creating economic and social values for the handicrafts business.<\/span><\/p>\n<p><a href=\"https:\/\/sicred.com.al\/en\/albanian-tradition-in-the-focus-of-business\/\"><span style=\"text-decoration: underline; color: #c52b1b;\">READ MORE<\/span><\/a><\/p>\n<p>[\/et_pb_blurb][\/et_pb_column][et_pb_column type=&#8221;1_3&#8243; _builder_version=&#8221;4.16&#8243; _module_preset=&#8221;default&#8221; global_colors_info=&#8221;{}&#8221;][\/et_pb_column][et_pb_column type=&#8221;1_3&#8243; _builder_version=&#8221;4.16&#8243; _module_preset=&#8221;default&#8221; global_colors_info=&#8221;{}&#8221;][\/et_pb_column][\/et_pb_row][\/et_pb_section]<\/p>\n","protected":false},"excerpt":{"rendered":"<p>sERVICESPlan your retirement now! Become a member of \u201cCREDINS Pension\u201d Voluntary Pension Fund as the best alternative for adding additional income to your state pension. READ MOREChoose \u201cCREDINS Premium\u201d Investment Fund to invest your savings, one of the forms of collective investment undertakings with open participation, created on the basis of a contract, through public [&hellip;]<\/p>\n","protected":false},"author":2,"featured_media":0,"parent":0,"menu_order":0,"comment_status":"closed","ping_status":"closed","template":"","meta":{"_et_pb_use_builder":"on","_et_pb_old_content":"[et_pb_section fb_built=\"1\" _builder_version=\"4.9.10\" _module_preset=\"default\" background_color=\"rgba(0,0,0,0)\" use_background_color_gradient=\"on\" background_image=\"https:\/\/sicred.com.al\/wp-content\/uploads\/2021\/06\/loan.jpg\" vertical_offset_tablet=\"0\" horizontal_offset_tablet=\"0\" custom_margin=\"0px|0px|0px|0px|false|false\" custom_padding=\"0px|0px|0px|0px|false|false\" da_disable_devices=\"off|off|off\" box_shadow_horizontal_tablet=\"0px\" box_shadow_vertical_tablet=\"0px\" box_shadow_blur_tablet=\"40px\" box_shadow_spread_tablet=\"0px\" da_is_popup=\"off\" da_exit_intent=\"off\" da_has_close=\"on\" da_alt_close=\"off\" da_dark_close=\"off\" da_not_modal=\"on\" da_is_singular=\"off\" da_with_loader=\"off\" da_has_shadow=\"on\"][et_pb_row use_custom_gutter=\"on\" gutter_width=\"1\" custom_padding_last_edited=\"on|phone\" admin_label=\"Mobile Optin Module\" module_class=\" et_pb_row_fullwidth\" _builder_version=\"4.6.6\" background_color=\"rgba(21,69,119,0.49)\" use_background_color_gradient=\"on\" background_color_gradient_start=\"rgba(21,69,119,0.9)\" background_color_gradient_end=\"rgba(21,69,119,0.65)\" width=\"100%\" width_tablet=\"100%\" width_phone=\"\" width_last_edited=\"on|desktop\" max_width=\"100%\" max_width_tablet=\"100%\" max_width_phone=\"\" max_width_last_edited=\"on|desktop\" min_height=\"100%\" height=\"100%\" max_height=\"100%\" custom_padding=\"1%|10%|5%|10%|false|true\" custom_padding_tablet=\"\" custom_padding_phone=\"1%||3%||false|true\" custom_css_main_element=\" overflow: visible;\" make_fullwidth=\"on\" locked=\"off\" collapsed=\"off\"][et_pb_column type=\"4_4\" _builder_version=\"4.6.1\" custom_padding=\"10%|10%||10%|false|true\" custom_padding_tablet=\"||40px|\" custom_padding_phone=\"\" custom_padding_last_edited=\"on|tablet\" custom_padding__hover=\"|||\"][et_pb_text _builder_version=\"4.9.10\" _module_preset=\"default\" text_font=\"Futura pt||||||||\" header_font=\"Futura pt||||||||\" header_text_align=\"left\" header_font_size=\"40px\" header_2_font=\"Futura pt|||on|||||\" header_2_text_align=\"left\" header_2_text_color=\"#f7f9fc\" header_2_font_size=\"42px\" custom_margin=\"||||false|false\" custom_margin_tablet=\"10%||||false|false\" custom_margin_phone=\"20%||||false|false\" custom_margin_last_edited=\"on|tablet\" header_font_size_tablet=\"25px\" header_font_size_phone=\"\" header_font_size_last_edited=\"on|tablet\" header_2_font_size_tablet=\"30px\" header_2_font_size_phone=\"18px\" header_2_font_size_last_edited=\"on|phone\" border_color_top=\"#154577\"]<h2 style=\"text-align: center;\">Sh\u00ebrbime<\/h2>[\/et_pb_text][\/et_pb_column][\/et_pb_row][\/et_pb_section][et_pb_section fb_built=\"1\" _builder_version=\"3.22\" da_disable_devices=\"off|off|off\" da_is_popup=\"off\" da_exit_intent=\"off\" da_has_close=\"on\" da_alt_close=\"off\" da_dark_close=\"off\" da_not_modal=\"on\" da_is_singular=\"off\" da_with_loader=\"off\" da_has_shadow=\"on\"][et_pb_row column_structure=\"1_3,1_3,1_3\" _builder_version=\"4.9.10\" _module_preset=\"default\" width=\"90%\" max_width=\"80%\"][et_pb_column type=\"1_3\" _builder_version=\"4.9.10\" _module_preset=\"default\"][et_pb_blurb title=\"Pensione Vullnetare\" image=\"https:\/\/sicred.com.al\/wp-content\/uploads\/2021\/12\/pensione.png\" icon_placement=\"left\" _builder_version=\"4.9.10\" _module_preset=\"default\" header_level=\"h6\" header_font=\"Futura pt|||on|||||\" header_text_color=\"#154577\" header_font_size=\"18px\" body_font=\"Futura pt||||||||\" body_font_size=\"12px\" custom_padding=\"|20px|||false|false\" link_option_url=\"https:\/\/sicred.com.al\/pensione-vullnetare\/\" link_option_url_new_window=\"on\" custom_css_blurb_image=\"width: 50px !important;\" border_width_right=\"1px\" border_color_right=\"rgba(51,51,51,0.1)\" border_color_bottom=\"rgba(51,51,51,0.4)\" locked=\"off\" header_text_color__hover_enabled=\"on|desktop\" header_text_color__hover=\"#C52B1B\"]Planifikoni pensionin tuaj tani! \r\n<span style=\"text-decoration: underline; color: #c52b1b;\">LEXO ME SHUME<\/span>[\/et_pb_blurb][\/et_pb_column][et_pb_column type=\"1_3\" _builder_version=\"4.9.10\" _module_preset=\"default\"][et_pb_blurb title=\"Fond Investimi\" image=\"https:\/\/sicred.com.al\/wp-content\/uploads\/2021\/12\/fond-investimi.png\" icon_placement=\"left\" _builder_version=\"4.9.10\" _module_preset=\"default\" header_level=\"h6\" header_font=\"Futura pt|||on|||||\" header_text_color=\"#154577\" header_font_size=\"18px\" body_font=\"Futura pt||||||||\" body_font_size=\"12px\" custom_padding=\"|20px|||false|false\" link_option_url=\"https:\/\/sicred.com.al\/fond-investimi\/\" link_option_url_new_window=\"on\" hover_enabled=\"0\" custom_css_blurb_image=\"width: 50px !important;\" border_width_right=\"1px\" border_color_right=\"rgba(51,51,51,0.1)\" border_color_bottom=\"rgba(51,51,51,0.4)\" locked=\"off\" header_text_color__hover_enabled=\"on|desktop\" header_text_color__hover=\"#C52B1B\" sticky_enabled=\"0\"]<p>Tashm\u00eb pran\u00eb SiCRED Ju mund t\u00eb blini kuota t\u00eb Fondit t\u00eb Investimit \u201cCREDINS Premium\u201d<br \/><span style=\"text-decoration: underline; color: #c52b1b;\">LEXO ME SHUME<\/span><\/p>[\/et_pb_blurb][\/et_pb_column][et_pb_column type=\"1_3\" _builder_version=\"4.9.10\" _module_preset=\"default\"][et_pb_blurb title=\"Siguria dhe Sh\u00ebndeti n\u00eb Pun\u00eb\" image=\"https:\/\/sicred.com.al\/wp-content\/uploads\/2021\/12\/siguria-dhe-shendeti.png\" icon_placement=\"left\" _builder_version=\"4.9.10\" _module_preset=\"default\" header_level=\"h6\" header_font=\"Futura pt|||on|||||\" header_text_color=\"#154577\" header_font_size=\"18px\" body_font=\"Futura pt||||||||\" body_font_size=\"12px\" custom_padding=\"|20px|||false|false\" link_option_url=\"https:\/\/sicred.com.al\/siguria-dhe-shendeti-ne-pune\/\" link_option_url_new_window=\"on\" custom_css_blurb_image=\"width: 50px !important;\" border_color_right=\"rgba(51,51,51,0.1)\" border_color_bottom=\"rgba(51,51,51,0.4)\" locked=\"off\" header_text_color__hover_enabled=\"on|desktop\" header_text_color__hover=\"#C52B1B\"]<p>Shoq\u00ebria SiCRED Assistance sh.p.k. (shoq\u00ebria konsulente, me kapital t\u00eb zot\u00ebruar n\u00eb mas\u00ebn 100%<br \/><span style=\"text-decoration: underline; color: #c52b1b;\">LEXO ME SHUME<\/span><\/p>[\/et_pb_blurb][\/et_pb_column][\/et_pb_row][et_pb_row column_structure=\"1_3,1_3,1_3\" _builder_version=\"4.9.10\" _module_preset=\"default\" width=\"90%\" max_width=\"80%\"][et_pb_column type=\"1_3\" _builder_version=\"4.9.10\" _module_preset=\"default\"][et_pb_blurb title=\"Nd\u00ebrmjet\u00ebsim n\u00eb Pun\u00ebsim\" image=\"https:\/\/sicred.com.al\/wp-content\/uploads\/2021\/12\/ndermjetesimi.png\" icon_placement=\"left\" _builder_version=\"4.9.10\" _module_preset=\"default\" header_level=\"h6\" header_font=\"Futura pt|||on|||||\" header_text_color=\"#154577\" header_font_size=\"18px\" body_font=\"Futura pt||||||||\" body_font_size=\"12px\" custom_padding=\"|20px|||false|false\" link_option_url=\"https:\/\/sicred.com.al\/ndermjetesim-ne-punesim\/\" link_option_url_new_window=\"on\" custom_css_blurb_image=\"width: 50px !important;\" border_width_right=\"1px\" border_color_right=\"rgba(51,51,51,0.1)\" border_color_bottom=\"rgba(51,51,51,0.4)\" locked=\"off\" header_text_color__hover_enabled=\"on|desktop\" header_text_color__hover=\"#C52B1B\"]SiCRED ASSISTANCE sh.p.k. (e zot\u00ebruar n\u00eb 100% t\u00eb kapitalit t\u00eb saj nga SiCRED)\r\n<span style=\"text-decoration: underline; color: #c52b1b;\">LEXO ME SHUME<\/span>[\/et_pb_blurb][\/et_pb_column][et_pb_column type=\"1_3\" _builder_version=\"4.9.10\" _module_preset=\"default\"][et_pb_blurb title=\"Nd\u00ebrmjet\u00ebsim p\u00ebr sh\u00ebrbime mjek\u00ebsore\" image=\"https:\/\/sicred.com.al\/wp-content\/uploads\/2021\/12\/Spitalet.png\" icon_placement=\"left\" _builder_version=\"4.9.10\" _module_preset=\"default\" header_level=\"h6\" header_font=\"Futura pt|||on|||||\" header_text_color=\"#154577\" header_font_size=\"18px\" body_font=\"Futura pt||||||||\" body_font_size=\"12px\" custom_padding=\"|20px|||false|false\" link_option_url=\"https:\/\/sicred.com.al\/ndermjetesim-per-sherbime-mjekesore\/\" link_option_url_new_window=\"on\" hover_enabled=\"0\" custom_css_blurb_image=\"width: 50px !important;\" border_width_right=\"1px\" border_color_right=\"rgba(51,51,51,0.1)\" border_color_bottom=\"rgba(51,51,51,0.4)\" locked=\"off\" header_text_color__hover_enabled=\"on|desktop\" header_text_color__hover=\"#C52B1B\" sticky_enabled=\"0\"]<p>Nuk jeni t\u00eb siguruar n\u00eb SiCRED, por keni nevoj\u00eb urgjente p\u00ebr sh\u00ebrbim mjek\u00ebsor t\u00eb specializuar?<br \/><span style=\"text-decoration: underline; color: #c52b1b;\">LEXO ME SHUME<\/span><\/p>[\/et_pb_blurb][\/et_pb_column][et_pb_column type=\"1_3\" _builder_version=\"4.9.10\" _module_preset=\"default\"][\/et_pb_column][\/et_pb_row][\/et_pb_section]","_et_gb_content_width":"","inline_featured_image":false,"_monsterinsights_skip_tracking":false,"_monsterinsights_sitenote_active":false,"_monsterinsights_sitenote_note":"","_monsterinsights_sitenote_category":0,"footnotes":""},"class_list":["post-238631","page","type-page","status-publish","hentry"],"aioseo_notices":[],"_links":{"self":[{"href":"https:\/\/sicred.com.al\/en\/wp-json\/wp\/v2\/pages\/238631","targetHints":{"allow":["GET"]}}],"collection":[{"href":"https:\/\/sicred.com.al\/en\/wp-json\/wp\/v2\/pages"}],"about":[{"href":"https:\/\/sicred.com.al\/en\/wp-json\/wp\/v2\/types\/page"}],"author":[{"embeddable":true,"href":"https:\/\/sicred.com.al\/en\/wp-json\/wp\/v2\/users\/2"}],"replies":[{"embeddable":true,"href":"https:\/\/sicred.com.al\/en\/wp-json\/wp\/v2\/comments?post=238631"}],"version-history":[{"count":21,"href":"https:\/\/sicred.com.al\/en\/wp-json\/wp\/v2\/pages\/238631\/revisions"}],"predecessor-version":[{"id":241585,"href":"https:\/\/sicred.com.al\/en\/wp-json\/wp\/v2\/pages\/238631\/revisions\/241585"}],"wp:attachment":[{"href":"https:\/\/sicred.com.al\/en\/wp-json\/wp\/v2\/media?parent=238631"}],"curies":[{"name":"wp","href":"https:\/\/api.w.org\/{rel}","templated":true}]}}