{"id":226072,"date":"2020-12-07T19:35:39","date_gmt":"2020-12-07T19:35:39","guid":{"rendered":"http:\/\/sicred.com.al\/sigurimi-i-jetes-dhe-shendetit-cash-plan\/"},"modified":"2026-02-24T16:22:14","modified_gmt":"2026-02-24T16:22:14","slug":"sigurimi-i-jetes-dhe-shendetit-cash-plan","status":"publish","type":"page","link":"https:\/\/sicred.com.al\/en\/sigurimi-i-jetes-dhe-shendetit-cash-plan\/","title":{"rendered":"Life and Health Insurance (Cash Plan)"},"content":{"rendered":"<p>[et_pb_section fb_built=&#8221;1&#8243; _builder_version=&#8221;4.16&#8243; _module_preset=&#8221;default&#8221; background_enable_color=&#8221;off&#8221; background_image=&#8221;https:\/\/sicred.com.al\/wp-content\/uploads\/2021\/06\/Sigurimi-i-Jetes-dhe-Shendetit-Cash-Plan.jpg&#8221; custom_margin=&#8221;0px|0px|0px|0px|false|false&#8221; custom_padding=&#8221;0px|0px|0px|0px|false|false&#8221; da_disable_devices=&#8221;off|off|off&#8221; locked=&#8221;off&#8221; global_colors_info=&#8221;{}&#8221; da_is_popup=&#8221;off&#8221; da_exit_intent=&#8221;off&#8221; da_has_close=&#8221;on&#8221; da_alt_close=&#8221;off&#8221; da_dark_close=&#8221;off&#8221; da_not_modal=&#8221;on&#8221; da_is_singular=&#8221;off&#8221; da_with_loader=&#8221;off&#8221; da_has_shadow=&#8221;on&#8221;][et_pb_row use_custom_gutter=&#8221;on&#8221; gutter_width=&#8221;1&#8243; custom_padding_last_edited=&#8221;on|phone&#8221; admin_label=&#8221;Mobile Optin Module&#8221; module_class=&#8221; et_pb_row_fullwidth&#8221; _builder_version=&#8221;4.16&#8243; background_color=&#8221;rgba(21,69,119,0.5)&#8221; use_background_color_gradient=&#8221;on&#8221; background_color_gradient_stops=&#8221;rgba(21,69,119,0.9) 0%|rgba(21,69,119,0.65) 100%&#8221; background_color_gradient_start=&#8221;rgba(21,69,119,0.9)&#8221; background_color_gradient_end=&#8221;rgba(21,69,119,0.65)&#8221; width=&#8221;100%&#8221; width_tablet=&#8221;100%&#8221; width_phone=&#8221;&#8221; width_last_edited=&#8221;on|desktop&#8221; max_width=&#8221;100%&#8221; max_width_tablet=&#8221;100%&#8221; max_width_phone=&#8221;&#8221; max_width_last_edited=&#8221;on|desktop&#8221; min_height=&#8221;100%&#8221; height=&#8221;100%&#8221; max_height=&#8221;100%&#8221; custom_padding=&#8221;1%|10%|5%|10%|false|true&#8221; custom_padding_tablet=&#8221;&#8221; custom_padding_phone=&#8221;1%||3%||false|true&#8221; custom_css_main_element=&#8221; overflow: visible;&#8221; make_fullwidth=&#8221;on&#8221; locked=&#8221;off&#8221; collapsed=&#8221;off&#8221; global_colors_info=&#8221;{}&#8221;][et_pb_column type=&#8221;4_4&#8243; _builder_version=&#8221;4.16&#8243; custom_padding=&#8221;10%|10%||10%|false|true&#8221; custom_padding_tablet=&#8221;||40px|&#8221; custom_padding_phone=&#8221;&#8221; custom_padding_last_edited=&#8221;on|tablet&#8221; global_colors_info=&#8221;{}&#8221; custom_padding__hover=&#8221;|||&#8221;][et_pb_text _builder_version=&#8221;4.16&#8243; _module_preset=&#8221;default&#8221; text_font=&#8221;Futura pt||||||||&#8221; header_font=&#8221;Futura pt||||||||&#8221; header_text_align=&#8221;left&#8221; header_font_size=&#8221;40px&#8221; header_2_font=&#8221;Futura pt|||on|||||&#8221; header_2_text_align=&#8221;left&#8221; header_2_text_color=&#8221;#f7f9fc&#8221; header_2_font_size=&#8221;42px&#8221; custom_margin=&#8221;||||false|false&#8221; custom_margin_tablet=&#8221;10%||||false|false&#8221; custom_margin_phone=&#8221;20%||||false|false&#8221; custom_margin_last_edited=&#8221;on|tablet&#8221; hover_enabled=&#8221;0&#8243; header_font_size_tablet=&#8221;25px&#8221; header_font_size_phone=&#8221;&#8221; header_font_size_last_edited=&#8221;on|tablet&#8221; header_2_font_size_tablet=&#8221;30px&#8221; header_2_font_size_phone=&#8221;18px&#8221; header_2_font_size_last_edited=&#8221;on|phone&#8221; border_color_top=&#8221;#154577&#8243; global_colors_info=&#8221;{}&#8221; sticky_enabled=&#8221;0&#8243;]<\/p>\n<h2 style=\"text-align: center;\">\nSigurimi i Jet\u00ebs dhe Sh\u00ebndetit (Cash Plan)<br \/>\n<\/h2>\n<p>[\/et_pb_text][\/et_pb_column][\/et_pb_row][\/et_pb_section][et_pb_section fb_built=&#8221;1&#8243; _builder_version=&#8221;4.16&#8243; _module_preset=&#8221;default&#8221; custom_padding=&#8221;21px||0px|||&#8221; da_disable_devices=&#8221;off|off|off&#8221; global_colors_info=&#8221;{}&#8221; da_is_popup=&#8221;off&#8221; da_exit_intent=&#8221;off&#8221; da_has_close=&#8221;on&#8221; da_alt_close=&#8221;off&#8221; da_dark_close=&#8221;off&#8221; da_not_modal=&#8221;on&#8221; da_is_singular=&#8221;off&#8221; da_with_loader=&#8221;off&#8221; da_has_shadow=&#8221;on&#8221;][et_pb_row column_structure=&#8221;2_3,1_3&#8243; _builder_version=&#8221;4.16&#8243; _module_preset=&#8221;default&#8221; global_colors_info=&#8221;{}&#8221;][et_pb_column type=&#8221;2_3&#8243; _builder_version=&#8221;4.16&#8243; _module_preset=&#8221;default&#8221; global_colors_info=&#8221;{}&#8221;][et_pb_text _builder_version=&#8221;4.27.4&#8243; _module_preset=&#8221;default&#8221; text_font_size=&#8221;15px&#8221; header_3_font=&#8221;|||on|||||&#8221; header_3_text_color=&#8221;#154577&#8243; header_3_font_size=&#8221;20px&#8221; header_5_text_color=&#8221;#c52b1b&#8221; header_5_font_size=&#8221;17px&#8221; vertical_offset_tablet=&#8221;0&#8243; horizontal_offset_tablet=&#8221;0&#8243; hover_enabled=&#8221;0&#8243; z_index_tablet=&#8221;0&#8243; text_text_shadow_horizontal_length_tablet=&#8221;0px&#8221; text_text_shadow_vertical_length_tablet=&#8221;0px&#8221; text_text_shadow_blur_strength_tablet=&#8221;1px&#8221; link_text_shadow_horizontal_length_tablet=&#8221;0px&#8221; link_text_shadow_vertical_length_tablet=&#8221;0px&#8221; link_text_shadow_blur_strength_tablet=&#8221;1px&#8221; ul_text_shadow_horizontal_length_tablet=&#8221;0px&#8221; ul_text_shadow_vertical_length_tablet=&#8221;0px&#8221; ul_text_shadow_blur_strength_tablet=&#8221;1px&#8221; ol_text_shadow_horizontal_length_tablet=&#8221;0px&#8221; ol_text_shadow_vertical_length_tablet=&#8221;0px&#8221; ol_text_shadow_blur_strength_tablet=&#8221;1px&#8221; quote_text_shadow_horizontal_length_tablet=&#8221;0px&#8221; quote_text_shadow_vertical_length_tablet=&#8221;0px&#8221; quote_text_shadow_blur_strength_tablet=&#8221;1px&#8221; header_text_shadow_horizontal_length_tablet=&#8221;0px&#8221; header_text_shadow_vertical_length_tablet=&#8221;0px&#8221; header_text_shadow_blur_strength_tablet=&#8221;1px&#8221; header_2_text_shadow_horizontal_length_tablet=&#8221;0px&#8221; header_2_text_shadow_vertical_length_tablet=&#8221;0px&#8221; header_2_text_shadow_blur_strength_tablet=&#8221;1px&#8221; header_3_text_shadow_horizontal_length_tablet=&#8221;0px&#8221; header_3_text_shadow_vertical_length_tablet=&#8221;0px&#8221; header_3_text_shadow_blur_strength_tablet=&#8221;1px&#8221; header_4_text_shadow_horizontal_length_tablet=&#8221;0px&#8221; header_4_text_shadow_vertical_length_tablet=&#8221;0px&#8221; header_4_text_shadow_blur_strength_tablet=&#8221;1px&#8221; header_5_text_shadow_horizontal_length_tablet=&#8221;0px&#8221; header_5_text_shadow_vertical_length_tablet=&#8221;0px&#8221; header_5_text_shadow_blur_strength_tablet=&#8221;1px&#8221; header_6_text_shadow_horizontal_length_tablet=&#8221;0px&#8221; header_6_text_shadow_vertical_length_tablet=&#8221;0px&#8221; header_6_text_shadow_blur_strength_tablet=&#8221;1px&#8221; box_shadow_horizontal_tablet=&#8221;0px&#8221; box_shadow_vertical_tablet=&#8221;0px&#8221; box_shadow_blur_tablet=&#8221;40px&#8221; box_shadow_spread_tablet=&#8221;0px&#8221; global_colors_info=&#8221;{}&#8221; sticky_enabled=&#8221;0&#8243;]<\/p>\n<h3>Sigurimi i Jet\u00ebs dhe Sh\u00ebndetit (Cash Plan)<\/h3>\n<p>Sigurimi i Jet\u00ebs dhe Sh\u00ebndetit (Cash Plan) \u00ebsht\u00eb nj\u00eb produkt i dizenjuar p\u00ebr t\u00eb qen\u00eb nj\u00eb ndihmes\u00eb reale p\u00ebr individin dhe familjen p\u00ebr t\u00eb p\u00ebrballuar shpenzimet sh\u00ebndet\u00ebsore p\u00ebr kontrolle, medikamente, ekzaminime rutin\u00eb, nd\u00ebrhyrje kirurgjike etj.<\/p>\n<p>Ky sigurim ofron dhe mb\u00ebshtetje financiare p\u00ebr familjen n\u00eb rast se i siguruari humbet jet\u00ebn, si p\u00ebr shkaqe aksidentale ashtu edhe natyrore, duke ofruar nj\u00eb shum\u00eb t\u00eb vetme monetare p\u00ebr p\u00ebrfituesin (ose familjar\u00ebt).<\/p>\n<h5>Cash Plan mund\u00ebson mbulimin (rimbursimin) e shpenzimeve mjek\u00ebsore si m\u00eb posht\u00eb:<\/h5>\n<ul>\n<li><span>Nd\u00ebrhyrjet kirurgjikale me dhe pa shtrim, <\/span><\/li>\n<li><span><\/span><span>Vizit\u00ebn e mjekun e p\u00ebrgjithsh\u00ebm dhe specialist, <\/span><\/li>\n<li><span><\/span><span>Shpenzimet p\u00ebr akomodim dhe ushqim, n\u00eb rast shtrimi n\u00eb spital, <\/span><\/li>\n<li><span><\/span><span>Kujdesin intensiv (Reanimacioni), <\/span><\/li>\n<li><span><\/span><span>Shpenzimet p\u00ebr teste diagnostikuese (p\u00ebrfshir\u00eb rreze X, CT Scan, MRI, Pet Scan), <\/span><\/li>\n<li><span><\/span><span>Shpenzimet p\u00ebr medikamente t\u00eb k\u00ebshilluara nga mjeku,\u00a0 <\/span><\/li>\n<li><span><\/span><span>Shpenzimet p\u00ebr proteza dhe pajisje mjek\u00ebsore t\u00eb ngjashme,<\/span><\/li>\n<li><span><\/span><span>Kemioterapi dhe Radioterapi,<\/span><\/li>\n<li><span><\/span><span>Terapi Fizike dhe Rehabilitim<\/span><\/li>\n<li><span><\/span><span>P\u00ebrfitim n\u00eb rast paaft\u00ebsie t\u00eb shkaktuar nga aksidenti,<\/span><\/li>\n<li><span><\/span><span>etj.<\/span><\/li>\n<\/ul>\n<p><span>P\u00ebr informacion mbi paketat Cash Plan <a href=\"https:\/\/sicred.com.al\/wp-content\/uploads\/2026\/02\/Opsionet-e-Sigurimit-Cash-Plan.pdf\">klikoni k\u00ebtu<\/a>.<\/span><\/p>\n<p><span><\/span><\/p>\n<h5>P\u00ebrfitime t\u00eb tjera t\u00eb sigurimit Cash Plan:<\/h5>\n<ul>\n<li><span>Kontroll parandalues <span style=\"color: #000000;\">(check-up)<\/span> vjetor, p\u00ebr t\u00eb pasur nj\u00eb informacion t\u00eb detajuar mbi gjendjen sh\u00ebndet\u00ebsore t\u00eb t\u00eb siguruarve. Klikoni p\u00ebr informacion mbi parap\u00ebrgatitjen p\u00ebr check-up:<\/span><\/li>\n<\/ul>\n<p style=\"padding-left: 40px;\"><span style=\"color: #154577;\"><a href=\"https:\/\/sicred.com.al\/wp-content\/uploads\/2021\/06\/Masat-paraprake_checkup_femra.pdf\" style=\"color: #154577;\">Masat paraprake p\u00ebr p\u00ebrgatitje Checkup Femra<\/a><\/span><br \/><span style=\"color: #154577;\"><a href=\"https:\/\/sicred.com.al\/wp-content\/uploads\/2021\/06\/Masat-paraprake_checkup_meshkuj.pdf\" style=\"color: #154577;\">Masat paraprake p\u00ebr p\u00ebrgatitje Checkup Meshkuj<\/a><\/span><\/p>\n<ul>\n<li><span>Kart\u00ebn e sigurimit <em>falas<\/em>, e cila mund\u00ebson zbritje n\u00eb t\u00eb gjith\u00eb rrjetin mjek\u00ebsor t\u00eb spitaleve dhe klinikave private brenda dhe jasht\u00eb vendit, q\u00eb bashk\u00ebpunojn\u00eb me SiCRED.<\/span><\/li>\n<\/ul>\n<p>&nbsp;<\/p>\n<p>Klikoni m\u00eb posht\u00eb p\u00ebr d\u00ebshmi mbi sigurimin e Jet\u00ebs dhe Sh\u00ebndetit Cash Plan:<\/p>\n<p>[\/et_pb_text][et_pb_video_slider _builder_version=&#8221;4.27.4&#8243; _module_preset=&#8221;default&#8221; width=&#8221;70%&#8221; max_width=&#8221;70%&#8221; global_colors_info=&#8221;{}&#8221;][et_pb_video_slider_item admin_title=&#8221;Mbrojtja e duhur per familjen tuaj!&#8221; src=&#8221;https:\/\/www.youtube.com\/watch?v=RVmEjrDdGko&#8221; image_src=&#8221;\/\/i.ytimg.com\/vi\/RVmEjrDdGko\/hqdefault.jpg&#8221; _builder_version=&#8221;4.27.4&#8243; _module_preset=&#8221;default&#8221; global_colors_info=&#8221;{}&#8221; show_image_overlay=&#8221;off&#8221;][\/et_pb_video_slider_item][et_pb_video_slider_item admin_title=&#8221;Testimonial &#8211; Sigurimi i Jetes dhe Shendetit Cash Plan&#8221; src=&#8221;https:\/\/www.youtube.com\/watch?v=ySp0DqwaNYo&#8221; image_src=&#8221;\/\/i.ytimg.com\/vi\/ySp0DqwaNYo\/hqdefault.jpg&#8221; _builder_version=&#8221;4.27.4&#8243; _module_preset=&#8221;default&#8221; global_colors_info=&#8221;{}&#8221; show_image_overlay=&#8221;off&#8221;][\/et_pb_video_slider_item][\/et_pb_video_slider][\/et_pb_column][et_pb_column type=&#8221;1_3&#8243; _builder_version=&#8221;4.16&#8243; _module_preset=&#8221;default&#8221; global_colors_info=&#8221;{}&#8221;][et_pb_sidebar orientation=&#8221;right&#8221; area=&#8221;et_pb_widget_area_1&#8243; _builder_version=&#8221;4.16&#8243; _module_preset=&#8221;default&#8221; global_colors_info=&#8221;{}&#8221;]<br \/>\n[\/et_pb_sidebar][\/et_pb_column][\/et_pb_row][\/et_pb_section][et_pb_section fb_built=&#8221;1&#8243; _builder_version=&#8221;4.16&#8243; _module_preset=&#8221;default&#8221; da_disable_devices=&#8221;off|off|off&#8221; locked=&#8221;off&#8221; global_colors_info=&#8221;{}&#8221; da_is_popup=&#8221;off&#8221; da_exit_intent=&#8221;off&#8221; da_has_close=&#8221;on&#8221; da_alt_close=&#8221;off&#8221; da_dark_close=&#8221;off&#8221; da_not_modal=&#8221;on&#8221; da_is_singular=&#8221;off&#8221; da_with_loader=&#8221;off&#8221; da_has_shadow=&#8221;on&#8221;][et_pb_row column_structure=&#8221;1_3,1_3,1_3&#8243; _builder_version=&#8221;4.16&#8243; _module_preset=&#8221;default&#8221; global_colors_info=&#8221;{}&#8221;][et_pb_column type=&#8221;1_3&#8243; _builder_version=&#8221;4.16&#8243; _module_preset=&#8221;default&#8221; global_colors_info=&#8221;{}&#8221;][et_pb_blurb title=&#8221;Na Kontaktoni&#8221; use_icon=&#8221;on&#8221; font_icon=&#8221;&#xe010;||divi||400&#8243; icon_color=&#8221;#c52b1b&#8221; image_icon_width=&#8221;20px&#8221; _builder_version=&#8221;4.16&#8243; _module_preset=&#8221;default&#8221; header_level=&#8221;h6&#8243; header_font=&#8221;Futura pt|||on|||||&#8221; header_text_align=&#8221;center&#8221; header_text_color=&#8221;#154577&#8243; header_font_size=&#8221;20px&#8221; body_font=&#8221;Futura pt||||||||&#8221; body_font_size=&#8221;15px&#8221; custom_padding=&#8221;|20px|||false|false&#8221; link_option_url=&#8221;https:\/\/sicred.com.al\/en\/contact\/&#8221; custom_css_blurb_image=&#8221;width: 50px !important;&#8221; border_color_right=&#8221;rgba(51,51,51,0.1)&#8221; border_color_bottom=&#8221;rgba(51,51,51,0.4)&#8221; icon_font_size=&#8221;20px&#8221; locked=&#8221;off&#8221; global_colors_info=&#8221;{}&#8221;][\/et_pb_blurb][\/et_pb_column][et_pb_column type=&#8221;1_3&#8243; _builder_version=&#8221;4.16&#8243; _module_preset=&#8221;default&#8221; global_colors_info=&#8221;{}&#8221;][et_pb_blurb title=&#8221;Lini takimin tuaj online&#8221; use_icon=&#8221;on&#8221; font_icon=&#8221;&#xe108;||divi||400&#8243; icon_color=&#8221;#c52b1b&#8221; image_icon_width=&#8221;20px&#8221; _builder_version=&#8221;4.16&#8243; _module_preset=&#8221;default&#8221; header_level=&#8221;h6&#8243; header_font=&#8221;Futura pt|||on|||||&#8221; header_text_align=&#8221;center&#8221; header_text_color=&#8221;#154577&#8243; header_font_size=&#8221;20px&#8221; body_font=&#8221;Futura pt||||||||&#8221; body_font_size=&#8221;15px&#8221; custom_padding=&#8221;|20px|||false|false&#8221; link_option_url=&#8221;https:\/\/sicred.com.al\/en\/ler-takimin-online\/&#8221; custom_css_blurb_image=&#8221;width: 50px !important;&#8221; border_color_right=&#8221;rgba(51,51,51,0.1)&#8221; border_color_bottom=&#8221;rgba(51,51,51,0.4)&#8221; icon_font_size=&#8221;20px&#8221; locked=&#8221;off&#8221; global_colors_info=&#8221;{}&#8221;][\/et_pb_blurb][\/et_pb_column][et_pb_column type=&#8221;1_3&#8243; _builder_version=&#8221;4.16&#8243; _module_preset=&#8221;default&#8221; global_colors_info=&#8221;{}&#8221;][et_pb_blurb title=&#8221;Aplikoni online per sigurimin&#8221; use_icon=&#8221;on&#8221; font_icon=&#8221;&#x69;||divi||400&#8243; icon_color=&#8221;#c52b1b&#8221; image_icon_width=&#8221;20px&#8221; _builder_version=&#8221;4.16&#8243; _module_preset=&#8221;default&#8221; header_level=&#8221;h6&#8243; header_font=&#8221;Futura pt|||on|||||&#8221; header_text_align=&#8221;center&#8221; header_text_color=&#8221;#154577&#8243; header_font_size=&#8221;20px&#8221; body_font=&#8221;Futura pt||||||||&#8221; body_font_size=&#8221;15px&#8221; custom_padding=&#8221;|20px|||false|false&#8221; link_option_url=&#8221;https:\/\/sicred.com.al\/en\/apliko-per-nje-produkt\/&#8221; custom_css_blurb_image=&#8221;width: 50px !important;&#8221; border_color_right=&#8221;rgba(51,51,51,0.1)&#8221; border_color_bottom=&#8221;rgba(51,51,51,0.4)&#8221; icon_font_size=&#8221;20px&#8221; locked=&#8221;off&#8221; global_colors_info=&#8221;{}&#8221;][\/et_pb_blurb][\/et_pb_column][\/et_pb_row][et_pb_row column_structure=&#8221;1_3,1_3,1_3&#8243; _builder_version=&#8221;4.16&#8243; _module_preset=&#8221;default&#8221; global_colors_info=&#8221;{}&#8221;][et_pb_column type=&#8221;1_3&#8243; _builder_version=&#8221;4.16&#8243; _module_preset=&#8221;default&#8221; global_colors_info=&#8221;{}&#8221;][et_pb_blurb title=&#8221;Ekstrakt nga Kushtet e P\u00ebrgjithshme&#8221; use_icon=&#8221;on&#8221; font_icon=&#8221;&#xe101;||divi||400&#8243; icon_color=&#8221;#c52b1b&#8221; image_icon_width=&#8221;20px&#8221; _builder_version=&#8221;4.16&#8243; _module_preset=&#8221;default&#8221; header_level=&#8221;h6&#8243; header_font=&#8221;Futura pt|||on|||||&#8221; header_text_align=&#8221;center&#8221; header_text_color=&#8221;#154577&#8243; header_font_size=&#8221;20px&#8221; body_font=&#8221;Futura pt||||||||&#8221; body_font_size=&#8221;15px&#8221; custom_padding=&#8221;|20px|||false|false&#8221; link_option_url=&#8221;https:\/\/sicred.com.al\/wp-content\/uploads\/2021\/11\/2.-Ekstakt-nga-Kushtet-e-Pergjithshme-te-Sigurimit-te-Jetes-dhe-Shendetit-Cash-Plan-1.pdf&#8221; custom_css_blurb_image=&#8221;width: 50px !important;&#8221; border_color_right=&#8221;rgba(51,51,51,0.1)&#8221; border_color_bottom=&#8221;rgba(51,51,51,0.4)&#8221; icon_font_size=&#8221;20px&#8221; locked=&#8221;off&#8221; global_colors_info=&#8221;{}&#8221;][\/et_pb_blurb][\/et_pb_column][et_pb_column type=&#8221;1_3&#8243; _builder_version=&#8221;4.16&#8243; _module_preset=&#8221;default&#8221; global_colors_info=&#8221;{}&#8221;][et_pb_blurb title=&#8221;Raporto d\u00ebmin&#8221; use_icon=&#8221;on&#8221; font_icon=&#8221;&#x73;||divi||400&#8243; icon_color=&#8221;#c52b1b&#8221; image_icon_width=&#8221;20px&#8221; _builder_version=&#8221;4.16&#8243; _module_preset=&#8221;default&#8221; header_level=&#8221;h6&#8243; header_font=&#8221;Futura pt|||on|||||&#8221; header_text_align=&#8221;center&#8221; header_text_color=&#8221;#154577&#8243; header_font_size=&#8221;20px&#8221; body_font=&#8221;Futura pt||||||||&#8221; body_font_size=&#8221;15px&#8221; custom_padding=&#8221;|20px|||false|false&#8221; link_option_url=&#8221;https:\/\/sicred.com.al\/en\/raporto-demin-2\/&#8221; custom_css_blurb_image=&#8221;width: 50px !important;&#8221; border_color_right=&#8221;rgba(51,51,51,0.1)&#8221; border_color_bottom=&#8221;rgba(51,51,51,0.4)&#8221; icon_font_size=&#8221;20px&#8221; locked=&#8221;off&#8221; global_colors_info=&#8221;{}&#8221;][\/et_pb_blurb][\/et_pb_column][et_pb_column type=&#8221;1_3&#8243; _builder_version=&#8221;4.16&#8243; _module_preset=&#8221;default&#8221; global_colors_info=&#8221;{}&#8221;][\/et_pb_column][\/et_pb_row][\/et_pb_section][et_pb_section fb_built=&#8221;1&#8243; fullwidth=&#8221;on&#8221; _builder_version=&#8221;4.16&#8243; da_disable_devices=&#8221;off|off|off&#8221; global_colors_info=&#8221;{}&#8221; da_is_popup=&#8221;off&#8221; da_exit_intent=&#8221;off&#8221; da_has_close=&#8221;on&#8221; da_alt_close=&#8221;off&#8221; da_dark_close=&#8221;off&#8221; da_not_modal=&#8221;on&#8221; da_is_singular=&#8221;off&#8221; da_with_loader=&#8221;off&#8221; da_has_shadow=&#8221;on&#8221;][et_pb_fullwidth_image _builder_version=&#8221;4.16&#8243; global_colors_info=&#8221;{}&#8221;]<br \/>\n[\/et_pb_fullwidth_image][\/et_pb_section]<\/p>\n","protected":false},"excerpt":{"rendered":"<p>Sigurimi i Jet\u00ebs dhe Sh\u00ebndetit (Cash Plan) Sigurimi i Jet\u00ebs dhe Sh\u00ebndetit (Cash Plan) Sigurimi i Jet\u00ebs dhe Sh\u00ebndetit (Cash Plan) \u00ebsht\u00eb nj\u00eb produkt i dizenjuar p\u00ebr t\u00eb qen\u00eb nj\u00eb ndihmes\u00eb reale p\u00ebr individin dhe familjen p\u00ebr t\u00eb p\u00ebrballuar shpenzimet sh\u00ebndet\u00ebsore p\u00ebr kontrolle, medikamente, ekzaminime rutin\u00eb, nd\u00ebrhyrje kirurgjike etj. Ky sigurim ofron dhe mb\u00ebshtetje financiare [&hellip;]<\/p>\n","protected":false},"author":2,"featured_media":0,"parent":0,"menu_order":0,"comment_status":"closed","ping_status":"closed","template":"","meta":{"_et_pb_use_builder":"on","_et_pb_old_content":"","_et_gb_content_width":"","inline_featured_image":false,"_monsterinsights_skip_tracking":false,"_monsterinsights_sitenote_active":false,"_monsterinsights_sitenote_note":"","_monsterinsights_sitenote_category":0,"footnotes":""},"class_list":["post-226072","page","type-page","status-publish","hentry"],"aioseo_notices":[],"_links":{"self":[{"href":"https:\/\/sicred.com.al\/en\/wp-json\/wp\/v2\/pages\/226072","targetHints":{"allow":["GET"]}}],"collection":[{"href":"https:\/\/sicred.com.al\/en\/wp-json\/wp\/v2\/pages"}],"about":[{"href":"https:\/\/sicred.com.al\/en\/wp-json\/wp\/v2\/types\/page"}],"author":[{"embeddable":true,"href":"https:\/\/sicred.com.al\/en\/wp-json\/wp\/v2\/users\/2"}],"replies":[{"embeddable":true,"href":"https:\/\/sicred.com.al\/en\/wp-json\/wp\/v2\/comments?post=226072"}],"version-history":[{"count":13,"href":"https:\/\/sicred.com.al\/en\/wp-json\/wp\/v2\/pages\/226072\/revisions"}],"predecessor-version":[{"id":247711,"href":"https:\/\/sicred.com.al\/en\/wp-json\/wp\/v2\/pages\/226072\/revisions\/247711"}],"wp:attachment":[{"href":"https:\/\/sicred.com.al\/en\/wp-json\/wp\/v2\/media?parent=226072"}],"curies":[{"name":"wp","href":"https:\/\/api.w.org\/{rel}","templated":true}]}}