{"id":226053,"date":"2021-02-01T10:40:53","date_gmt":"2021-02-01T10:40:53","guid":{"rendered":"http:\/\/sicred.com.al\/sigurimi-jete-dhe-aksidente-ne-grup-jag\/"},"modified":"2021-06-09T12:23:42","modified_gmt":"2021-06-09T12:23:42","slug":"sigurimi-jete-dhe-aksidente-ne-grup-jag","status":"publish","type":"page","link":"https:\/\/sicred.com.al\/en\/sigurimi-jete-dhe-aksidente-ne-grup-jag\/","title":{"rendered":"Sigurimi Jet\u00eb dhe Aksidente n\u00eb Grup (JAG)"},"content":{"rendered":"<p>[et_pb_section fb_built=&#8221;1&#8243; _builder_version=&#8221;4.6.6&#8243; _module_preset=&#8221;default&#8221; background_color=&#8221;rgba(0,0,0,0)&#8221; use_background_color_gradient=&#8221;on&#8221; background_image=&#8221;http:\/\/sicred.com.al\/wp-content\/uploads\/2020\/11\/Sigurimi-i-Kombinuar-i-Jetes.jpeg&#8221; custom_margin=&#8221;0px|0px|0px|0px|false|false&#8221; custom_padding=&#8221;0px|0px|0px|0px|false|false&#8221; locked=&#8221;off&#8221;][et_pb_row use_custom_gutter=&#8221;on&#8221; gutter_width=&#8221;1&#8243; custom_padding_last_edited=&#8221;on|phone&#8221; admin_label=&#8221;Mobile Optin Module&#8221; module_class=&#8221; et_pb_row_fullwidth&#8221; _builder_version=&#8221;4.6.6&#8243; background_color=&#8221;rgba(21,69,119,0.5)&#8221; background_size=&#8221;initial&#8221; background_position=&#8221;top_left&#8221; background_repeat=&#8221;repeat&#8221; width=&#8221;100%&#8221; width_tablet=&#8221;100%&#8221; width_phone=&#8221;&#8221; width_last_edited=&#8221;on|desktop&#8221; max_width=&#8221;100%&#8221; max_width_tablet=&#8221;100%&#8221; max_width_phone=&#8221;&#8221; max_width_last_edited=&#8221;on|desktop&#8221; min_height=&#8221;100%&#8221; height=&#8221;100%&#8221; max_height=&#8221;100%&#8221; custom_padding=&#8221;1%|10%|5%|10%|false|true&#8221; custom_padding_tablet=&#8221;&#8221; custom_padding_phone=&#8221;1%||3%||false|true&#8221; custom_css_main_element=&#8221; overflow: visible;&#8221; make_fullwidth=&#8221;on&#8221; locked=&#8221;off&#8221; collapsed=&#8221;off&#8221;][et_pb_column type=&#8221;4_4&#8243; _builder_version=&#8221;4.6.1&#8243; custom_padding=&#8221;10%|10%||10%|false|true&#8221; custom_padding_tablet=&#8221;||40px|&#8221; custom_padding_phone=&#8221;&#8221; custom_padding_last_edited=&#8221;on|tablet&#8221; custom_padding__hover=&#8221;|||&#8221;][et_pb_text _builder_version=&#8221;4.8.2&#8243; _module_preset=&#8221;default&#8221; text_font=&#8221;Futura pt||||||||&#8221; header_font=&#8221;Futura pt||||||||&#8221; header_text_align=&#8221;left&#8221; header_font_size=&#8221;40px&#8221; header_2_font=&#8221;Futura pt|||on|||||&#8221; header_2_text_align=&#8221;left&#8221; header_2_text_color=&#8221;#f7f9fc&#8221; header_2_font_size=&#8221;42px&#8221; hover_enabled=&#8221;0&#8243; border_color_top=&#8221;#154577&#8243; sticky_enabled=&#8221;0&#8243;]<\/p>\n<h2 style=\"text-align: center;\">Sigurimi Jet\u00eb dhe Aksidente n\u00eb Grup (JAG)<\/h2>\n<p>[\/et_pb_text][\/et_pb_column][\/et_pb_row][\/et_pb_section][et_pb_section fb_built=&#8221;1&#8243; _builder_version=&#8221;4.6.6&#8243; _module_preset=&#8221;default&#8221; custom_padding=&#8221;21px||0px|||&#8221;][et_pb_row column_structure=&#8221;2_3,1_3&#8243; _builder_version=&#8221;4.6.6&#8243; _module_preset=&#8221;default&#8221;][et_pb_column type=&#8221;2_3&#8243; _builder_version=&#8221;4.6.6&#8243; _module_preset=&#8221;default&#8221;][et_pb_text _builder_version=&#8221;4.8.2&#8243; _module_preset=&#8221;default&#8221; text_font_size=&#8221;15px&#8221; header_3_font=&#8221;|||on|||||&#8221; header_3_text_color=&#8221;#154577&#8243; header_3_font_size=&#8221;20px&#8221; header_5_text_color=&#8221;#c52b1b&#8221; header_5_font_size=&#8221;17px&#8221; hover_enabled=&#8221;0&#8243; sticky_enabled=&#8221;0&#8243;]<\/p>\n<h3>Sigurimi Jet\u00eb dhe Aksidente n\u00eb Grup (JAG)<\/h3>\n<p>[\/et_pb_text][\/et_pb_column][et_pb_column type=&#8221;1_3&#8243; _builder_version=&#8221;4.6.6&#8243; _module_preset=&#8221;default&#8221;][et_pb_sidebar orientation=&#8221;right&#8221; area=&#8221;et_pb_widget_area_2&#8243; _builder_version=&#8221;4.8.2&#8243; _module_preset=&#8221;default&#8221; hover_enabled=&#8221;0&#8243; sticky_enabled=&#8221;0&#8243; header_font_size=&#8221;16px&#8221;][\/et_pb_sidebar][\/et_pb_column][\/et_pb_row][et_pb_row column_structure=&#8221;1_4,1_4,1_4,1_4&#8243; _builder_version=&#8221;4.6.6&#8243; _module_preset=&#8221;default&#8221; border_width_top=&#8221;1px&#8221; border_color_top=&#8221;rgba(51,51,51,0.1)&#8221;][et_pb_column type=&#8221;1_4&#8243; _builder_version=&#8221;4.6.6&#8243; _module_preset=&#8221;default&#8221;][et_pb_blurb title=&#8221;Na kontaktoni&#8221; use_icon=&#8221;on&#8221; font_icon=&#8221;%%86%%&#8221; icon_color=&#8221;#c52b1b&#8221; use_icon_font_size=&#8221;on&#8221; icon_font_size=&#8221;20px&#8221; _builder_version=&#8221;4.6.6&#8243; _module_preset=&#8221;default&#8221; header_level=&#8221;h6&#8243; header_font=&#8221;Futura pt|||on|||||&#8221; header_text_align=&#8221;center&#8221; header_text_color=&#8221;#154577&#8243; header_font_size=&#8221;20px&#8221; body_font=&#8221;Futura pt||||||||&#8221; body_font_size=&#8221;15px&#8221; custom_padding=&#8221;|20px|||false|false&#8221; custom_css_blurb_image=&#8221;width: 50px !important;&#8221; border_color_right=&#8221;rgba(51,51,51,0.1)&#8221; border_color_bottom=&#8221;rgba(51,51,51,0.4)&#8221; locked=&#8221;off&#8221;][\/et_pb_blurb][\/et_pb_column][et_pb_column type=&#8221;1_4&#8243; _builder_version=&#8221;4.6.6&#8243; _module_preset=&#8221;default&#8221;][et_pb_blurb title=&#8221;Lini takimin tuaj online&#8221; use_icon=&#8221;on&#8221; font_icon=&#8221;%%128%%&#8221; icon_color=&#8221;#c52b1b&#8221; use_icon_font_size=&#8221;on&#8221; icon_font_size=&#8221;20px&#8221; _builder_version=&#8221;4.6.6&#8243; _module_preset=&#8221;default&#8221; header_level=&#8221;h6&#8243; header_font=&#8221;Futura pt|||on|||||&#8221; header_text_align=&#8221;center&#8221; header_text_color=&#8221;#154577&#8243; header_font_size=&#8221;20px&#8221; body_font=&#8221;Futura pt||||||||&#8221; body_font_size=&#8221;15px&#8221; custom_padding=&#8221;|20px|||false|false&#8221; custom_css_blurb_image=&#8221;width: 50px !important;&#8221; border_color_right=&#8221;rgba(51,51,51,0.1)&#8221; border_color_bottom=&#8221;rgba(51,51,51,0.4)&#8221; locked=&#8221;off&#8221;][\/et_pb_blurb][\/et_pb_column][et_pb_column type=&#8221;1_4&#8243; _builder_version=&#8221;4.6.6&#8243; _module_preset=&#8221;default&#8221;][et_pb_blurb title=&#8221;Aplikoni online p\u00ebr sigurimin&#8221; use_icon=&#8221;on&#8221; font_icon=&#8221;%%119%%&#8221; icon_color=&#8221;#c52b1b&#8221; use_icon_font_size=&#8221;on&#8221; icon_font_size=&#8221;20px&#8221; _builder_version=&#8221;4.6.6&#8243; _module_preset=&#8221;default&#8221; header_level=&#8221;h6&#8243; header_font=&#8221;Futura pt|||on|||||&#8221; header_text_align=&#8221;center&#8221; header_text_color=&#8221;#154577&#8243; header_font_size=&#8221;20px&#8221; body_font=&#8221;Futura pt||||||||&#8221; body_font_size=&#8221;15px&#8221; custom_padding=&#8221;|20px|||false|false&#8221; custom_css_blurb_image=&#8221;width: 50px !important;&#8221; border_color_right=&#8221;rgba(51,51,51,0.1)&#8221; border_color_bottom=&#8221;rgba(51,51,51,0.4)&#8221; locked=&#8221;off&#8221;][\/et_pb_blurb][\/et_pb_column][et_pb_column type=&#8221;1_4&#8243; _builder_version=&#8221;4.6.6&#8243; _module_preset=&#8221;default&#8221;][et_pb_blurb title=&#8221;Raporto d\u00ebmin&#8221; use_icon=&#8221;on&#8221; font_icon=&#8221;%%82%%&#8221; icon_color=&#8221;#c52b1b&#8221; use_icon_font_size=&#8221;on&#8221; icon_font_size=&#8221;20px&#8221; _builder_version=&#8221;4.6.6&#8243; _module_preset=&#8221;default&#8221; header_level=&#8221;h6&#8243; header_font=&#8221;Futura pt|||on|||||&#8221; header_text_align=&#8221;center&#8221; header_text_color=&#8221;#154577&#8243; header_font_size=&#8221;20px&#8221; body_font=&#8221;Futura pt||||||||&#8221; body_font_size=&#8221;15px&#8221; custom_padding=&#8221;|20px|||false|false&#8221; custom_css_blurb_image=&#8221;width: 50px !important;&#8221; border_color_right=&#8221;rgba(51,51,51,0.1)&#8221; border_color_bottom=&#8221;rgba(51,51,51,0.4)&#8221; locked=&#8221;off&#8221;][\/et_pb_blurb][\/et_pb_column][\/et_pb_row][et_pb_row column_structure=&#8221;1_4,1_4,1_4,1_4&#8243; _builder_version=&#8221;4.6.6&#8243; _module_preset=&#8221;default&#8221; custom_padding=&#8221;0px|||||&#8221;][et_pb_column type=&#8221;1_4&#8243; _builder_version=&#8221;4.6.6&#8243; _module_preset=&#8221;default&#8221;][et_pb_blurb title=&#8221;Ekstrakt nga Kushtet e P\u00ebrgjithshme&#8221; use_icon=&#8221;on&#8221; font_icon=&#8221;%%147%%&#8221; icon_color=&#8221;#c52b1b&#8221; use_icon_font_size=&#8221;on&#8221; icon_font_size=&#8221;20px&#8221; _builder_version=&#8221;4.6.6&#8243; _module_preset=&#8221;default&#8221; header_level=&#8221;h6&#8243; header_font=&#8221;Futura pt|||on|||||&#8221; header_text_align=&#8221;center&#8221; header_text_color=&#8221;#154577&#8243; header_font_size=&#8221;20px&#8221; body_font=&#8221;Futura pt||||||||&#8221; body_font_size=&#8221;15px&#8221; custom_padding=&#8221;|20px|||false|false&#8221; custom_css_blurb_image=&#8221;width: 50px !important;&#8221; border_color_right=&#8221;rgba(51,51,51,0.1)&#8221; border_color_bottom=&#8221;rgba(51,51,51,0.4)&#8221; locked=&#8221;off&#8221;][\/et_pb_blurb][\/et_pb_column][et_pb_column type=&#8221;1_4&#8243; _builder_version=&#8221;4.6.6&#8243; _module_preset=&#8221;default&#8221;][et_pb_blurb title=&#8221;Informacion mbi kart\u00ebn e sigurimit&#8221; use_icon=&#8221;on&#8221; font_icon=&#8221;%%72%%&#8221; icon_color=&#8221;#c52b1b&#8221; use_icon_font_size=&#8221;on&#8221; icon_font_size=&#8221;20px&#8221; _builder_version=&#8221;4.6.6&#8243; _module_preset=&#8221;default&#8221; header_level=&#8221;h6&#8243; header_font=&#8221;Futura pt|||on|||||&#8221; header_text_align=&#8221;center&#8221; header_text_color=&#8221;#154577&#8243; header_font_size=&#8221;20px&#8221; body_font=&#8221;Futura pt||||||||&#8221; body_font_size=&#8221;15px&#8221; custom_padding=&#8221;|20px|||false|false&#8221; custom_css_blurb_image=&#8221;width: 50px !important;&#8221; border_color_right=&#8221;rgba(51,51,51,0.1)&#8221; border_color_bottom=&#8221;rgba(51,51,51,0.4)&#8221; locked=&#8221;off&#8221;][\/et_pb_blurb][\/et_pb_column][et_pb_column type=&#8221;1_4&#8243; _builder_version=&#8221;4.6.6&#8243; _module_preset=&#8221;default&#8221;][et_pb_blurb title=&#8221;Informacion mbi Taksat dhe Tatimet&#8221; use_icon=&#8221;on&#8221; font_icon=&#8221;%%71%%&#8221; icon_color=&#8221;#c52b1b&#8221; use_icon_font_size=&#8221;on&#8221; icon_font_size=&#8221;20px&#8221; _builder_version=&#8221;4.6.6&#8243; _module_preset=&#8221;default&#8221; header_level=&#8221;h6&#8243; header_font=&#8221;Futura pt|||on|||||&#8221; header_text_align=&#8221;center&#8221; header_text_color=&#8221;#154577&#8243; header_font_size=&#8221;20px&#8221; body_font=&#8221;Futura pt||||||||&#8221; body_font_size=&#8221;15px&#8221; custom_padding=&#8221;|20px|||false|false&#8221; custom_css_blurb_image=&#8221;width: 50px !important;&#8221; border_color_right=&#8221;rgba(51,51,51,0.1)&#8221; border_color_bottom=&#8221;rgba(51,51,51,0.4)&#8221; locked=&#8221;off&#8221;][\/et_pb_blurb][\/et_pb_column][et_pb_column type=&#8221;1_4&#8243; _builder_version=&#8221;4.6.6&#8243; _module_preset=&#8221;default&#8221;][\/et_pb_column][\/et_pb_row][\/et_pb_section][et_pb_section fb_built=&#8221;1&#8243; fullwidth=&#8221;on&#8221; _builder_version=&#8221;3.22&#8243;][et_pb_fullwidth_image _builder_version=&#8221;4.6.6&#8243;][\/et_pb_fullwidth_image][\/et_pb_section]<\/p>\n","protected":false},"excerpt":{"rendered":"<p>Sigurimi Jet\u00eb dhe Aksidente n\u00eb Grup (JAG)Sigurimi Jet\u00eb dhe Aksidente n\u00eb Grup (JAG)<\/p>\n","protected":false},"author":2,"featured_media":0,"parent":0,"menu_order":0,"comment_status":"closed","ping_status":"closed","template":"","meta":{"_et_pb_use_builder":"on","_et_pb_old_content":"","_et_gb_content_width":"","inline_featured_image":false,"_monsterinsights_skip_tracking":false,"_monsterinsights_sitenote_active":false,"_monsterinsights_sitenote_note":"","_monsterinsights_sitenote_category":0,"footnotes":""},"class_list":["post-226053","page","type-page","status-publish","hentry"],"aioseo_notices":[],"_links":{"self":[{"href":"https:\/\/sicred.com.al\/en\/wp-json\/wp\/v2\/pages\/226053","targetHints":{"allow":["GET"]}}],"collection":[{"href":"https:\/\/sicred.com.al\/en\/wp-json\/wp\/v2\/pages"}],"about":[{"href":"https:\/\/sicred.com.al\/en\/wp-json\/wp\/v2\/types\/page"}],"author":[{"embeddable":true,"href":"https:\/\/sicred.com.al\/en\/wp-json\/wp\/v2\/users\/2"}],"replies":[{"embeddable":true,"href":"https:\/\/sicred.com.al\/en\/wp-json\/wp\/v2\/comments?post=226053"}],"version-history":[{"count":1,"href":"https:\/\/sicred.com.al\/en\/wp-json\/wp\/v2\/pages\/226053\/revisions"}],"predecessor-version":[{"id":226058,"href":"https:\/\/sicred.com.al\/en\/wp-json\/wp\/v2\/pages\/226053\/revisions\/226058"}],"wp:attachment":[{"href":"https:\/\/sicred.com.al\/en\/wp-json\/wp\/v2\/media?parent=226053"}],"curies":[{"name":"wp","href":"https:\/\/api.w.org\/{rel}","templated":true}]}}