{"id":226051,"date":"2021-02-01T10:50:23","date_gmt":"2021-02-01T10:50:23","guid":{"rendered":"http:\/\/sicred.com.al\/sigurimi-i-jetes-se-nxenesit-dhe-studentit-jns\/"},"modified":"2022-10-05T09:45:02","modified_gmt":"2022-10-05T09:45:02","slug":"oferta-sigurimi-i-jetes-se-nxenesit-dhe-studentit-jns","status":"publish","type":"page","link":"https:\/\/sicred.com.al\/en\/oferta-sigurimi-i-jetes-se-nxenesit-dhe-studentit-jns\/","title":{"rendered":"Oferta e Sigurimit t\u00eb Jet\u00ebs s\u00eb Nx\u00ebn\u00ebsve dhe Student\u00ebve (JNS)"},"content":{"rendered":"<p>[et_pb_section fb_built=&#8221;1&#8243; _builder_version=&#8221;4.9.10&#8243; _module_preset=&#8221;default&#8221; background_image=&#8221;https:\/\/sicred.com.al\/wp-content\/uploads\/2021\/06\/student.jpg&#8221; background_blend=&#8221;luminosity&#8221; custom_margin=&#8221;0px|0px|0px|0px|false|false&#8221; custom_padding=&#8221;0px|0px|326px|0px|false|false&#8221; da_disable_devices=&#8221;off|off|off&#8221; locked=&#8221;off&#8221; da_is_popup=&#8221;off&#8221; da_exit_intent=&#8221;off&#8221; da_has_close=&#8221;on&#8221; da_alt_close=&#8221;off&#8221; da_dark_close=&#8221;off&#8221; da_not_modal=&#8221;on&#8221; da_is_singular=&#8221;off&#8221; da_with_loader=&#8221;off&#8221; da_has_shadow=&#8221;on&#8221;][\/et_pb_section][et_pb_section fb_built=&#8221;1&#8243; _builder_version=&#8221;4.6.6&#8243; _module_preset=&#8221;default&#8221; custom_padding=&#8221;21px||0px|||&#8221; da_disable_devices=&#8221;off|off|off&#8221; da_is_popup=&#8221;off&#8221; da_exit_intent=&#8221;off&#8221; da_has_close=&#8221;on&#8221; da_alt_close=&#8221;off&#8221; da_dark_close=&#8221;off&#8221; da_not_modal=&#8221;on&#8221; da_is_singular=&#8221;off&#8221; da_with_loader=&#8221;off&#8221; da_has_shadow=&#8221;on&#8221;][et_pb_row column_structure=&#8221;2_3,1_3&#8243; _builder_version=&#8221;4.6.6&#8243; _module_preset=&#8221;default&#8221;][et_pb_column type=&#8221;2_3&#8243; _builder_version=&#8221;4.6.6&#8243; _module_preset=&#8221;default&#8221;][et_pb_text _builder_version=&#8221;4.9.10&#8243; _module_preset=&#8221;default&#8221; text_font_size=&#8221;15px&#8221; header_3_font=&#8221;|||on|||||&#8221; header_3_text_color=&#8221;#154577&#8243; header_3_font_size=&#8221;20px&#8221; header_5_text_color=&#8221;#c52b1b&#8221; header_5_font_size=&#8221;17px&#8221; vertical_offset_tablet=&#8221;0&#8243; horizontal_offset_tablet=&#8221;0&#8243; z_index_tablet=&#8221;0&#8243; text_text_shadow_horizontal_length_tablet=&#8221;0px&#8221; text_text_shadow_vertical_length_tablet=&#8221;0px&#8221; text_text_shadow_blur_strength_tablet=&#8221;1px&#8221; link_text_shadow_horizontal_length_tablet=&#8221;0px&#8221; link_text_shadow_vertical_length_tablet=&#8221;0px&#8221; link_text_shadow_blur_strength_tablet=&#8221;1px&#8221; ul_text_shadow_horizontal_length_tablet=&#8221;0px&#8221; ul_text_shadow_vertical_length_tablet=&#8221;0px&#8221; ul_text_shadow_blur_strength_tablet=&#8221;1px&#8221; ol_text_shadow_horizontal_length_tablet=&#8221;0px&#8221; ol_text_shadow_vertical_length_tablet=&#8221;0px&#8221; ol_text_shadow_blur_strength_tablet=&#8221;1px&#8221; quote_text_shadow_horizontal_length_tablet=&#8221;0px&#8221; quote_text_shadow_vertical_length_tablet=&#8221;0px&#8221; quote_text_shadow_blur_strength_tablet=&#8221;1px&#8221; header_text_shadow_horizontal_length_tablet=&#8221;0px&#8221; header_text_shadow_vertical_length_tablet=&#8221;0px&#8221; header_text_shadow_blur_strength_tablet=&#8221;1px&#8221; header_2_text_shadow_horizontal_length_tablet=&#8221;0px&#8221; header_2_text_shadow_vertical_length_tablet=&#8221;0px&#8221; header_2_text_shadow_blur_strength_tablet=&#8221;1px&#8221; header_3_text_shadow_horizontal_length_tablet=&#8221;0px&#8221; header_3_text_shadow_vertical_length_tablet=&#8221;0px&#8221; header_3_text_shadow_blur_strength_tablet=&#8221;1px&#8221; header_4_text_shadow_horizontal_length_tablet=&#8221;0px&#8221; header_4_text_shadow_vertical_length_tablet=&#8221;0px&#8221; header_4_text_shadow_blur_strength_tablet=&#8221;1px&#8221; header_5_text_shadow_horizontal_length_tablet=&#8221;0px&#8221; header_5_text_shadow_vertical_length_tablet=&#8221;0px&#8221; header_5_text_shadow_blur_strength_tablet=&#8221;1px&#8221; header_6_text_shadow_horizontal_length_tablet=&#8221;0px&#8221; header_6_text_shadow_vertical_length_tablet=&#8221;0px&#8221; header_6_text_shadow_blur_strength_tablet=&#8221;1px&#8221; box_shadow_horizontal_tablet=&#8221;0px&#8221; box_shadow_vertical_tablet=&#8221;0px&#8221; box_shadow_blur_tablet=&#8221;40px&#8221; box_shadow_spread_tablet=&#8221;0px&#8221;]<\/p>\n<h3>Ofertat e Sigurimit t\u00eb Jet\u00ebs s\u00eb Nx\u00ebn\u00ebsve dhe Student\u00ebve (JNS)<\/h3>\n<p>&nbsp;<\/p>\n<ul>\n<li>\n<h5><a href=\"https:\/\/sicred.com.al\/wp-content\/uploads\/2022\/10\/PREZANTIM-JETE-NXENESI.pdf\" target=\"_blank\" rel=\"noopener\">Prezantim Jet\u00eb Nx\u00ebn\u00ebsi<\/a><\/h5>\n<\/li>\n<li>\n<h5><a href=\"https:\/\/sicred.com.al\/wp-content\/uploads\/2022\/10\/PREZANTIM-JETE-STUDENTI.pdf\" target=\"_blank\" rel=\"noopener\">Prezantim Jet\u00eb Studenti<\/a><\/h5>\n<\/li>\n<\/ul>\n<p>[\/et_pb_text][\/et_pb_column][et_pb_column type=&#8221;1_3&#8243; _builder_version=&#8221;4.6.6&#8243; _module_preset=&#8221;default&#8221;][et_pb_sidebar orientation=&#8221;right&#8221; area=&#8221;et_pb_widget_area_1&#8243; _builder_version=&#8221;4.9.10&#8243; _module_preset=&#8221;default&#8221; header_font_size=&#8221;16&#8243; vertical_offset_tablet=&#8221;0&#8243; horizontal_offset_tablet=&#8221;0&#8243; z_index_tablet=&#8221;0&#8243; header_text_shadow_horizontal_length_tablet=&#8221;0px&#8221; header_text_shadow_vertical_length_tablet=&#8221;0px&#8221; header_text_shadow_blur_strength_tablet=&#8221;1px&#8221; body_text_shadow_horizontal_length_tablet=&#8221;0px&#8221; body_text_shadow_vertical_length_tablet=&#8221;0px&#8221; body_text_shadow_blur_strength_tablet=&#8221;1px&#8221; box_shadow_horizontal_tablet=&#8221;0px&#8221; box_shadow_vertical_tablet=&#8221;0px&#8221; box_shadow_blur_tablet=&#8221;40px&#8221; box_shadow_spread_tablet=&#8221;0px&#8221; text_shadow_horizontal_length_tablet=&#8221;0px&#8221; text_shadow_vertical_length_tablet=&#8221;0px&#8221; text_shadow_blur_strength_tablet=&#8221;1px&#8221;][\/et_pb_sidebar][\/et_pb_column][\/et_pb_row][et_pb_row column_structure=&#8221;1_3,1_3,1_3&#8243; _builder_version=&#8221;4.6.6&#8243; _module_preset=&#8221;default&#8221; border_width_top=&#8221;1px&#8221; border_color_top=&#8221;rgba(51,51,51,0.1)&#8221;][et_pb_column type=&#8221;1_3&#8243; _builder_version=&#8221;4.6.6&#8243; _module_preset=&#8221;default&#8221;][et_pb_blurb title=&#8221;Na kontaktoni&#8221; use_icon=&#8221;on&#8221; font_icon=&#8221;%%86%%&#8221; icon_color=&#8221;#c52b1b&#8221; use_icon_font_size=&#8221;on&#8221; icon_font_size=&#8221;20px&#8221; _builder_version=&#8221;4.9.10&#8243; _module_preset=&#8221;default&#8221; header_level=&#8221;h6&#8243; header_font=&#8221;Futura pt|||on|||||&#8221; header_text_align=&#8221;center&#8221; header_text_color=&#8221;#154577&#8243; header_font_size=&#8221;20px&#8221; body_font=&#8221;Futura pt||||||||&#8221; body_font_size=&#8221;15px&#8221; custom_padding=&#8221;|20px|||false|false&#8221; link_option_url=&#8221;https:\/\/sicred.com.al\/kontakt\/&#8221; custom_css_blurb_image=&#8221;width: 50px !important;&#8221; border_color_right=&#8221;rgba(51,51,51,0.1)&#8221; border_color_bottom=&#8221;rgba(51,51,51,0.4)&#8221; locked=&#8221;off&#8221;][\/et_pb_blurb][\/et_pb_column][et_pb_column type=&#8221;1_3&#8243; _builder_version=&#8221;4.6.6&#8243; _module_preset=&#8221;default&#8221;][et_pb_blurb title=&#8221;Lini takimin tuaj online&#8221; use_icon=&#8221;on&#8221; font_icon=&#8221;%%128%%&#8221; icon_color=&#8221;#c52b1b&#8221; use_icon_font_size=&#8221;on&#8221; icon_font_size=&#8221;20px&#8221; _builder_version=&#8221;4.9.10&#8243; _module_preset=&#8221;default&#8221; header_level=&#8221;h6&#8243; header_font=&#8221;Futura pt|||on|||||&#8221; header_text_align=&#8221;center&#8221; header_text_color=&#8221;#154577&#8243; header_font_size=&#8221;20px&#8221; body_font=&#8221;Futura pt||||||||&#8221; body_font_size=&#8221;15px&#8221; custom_padding=&#8221;|20px|||false|false&#8221; link_option_url=&#8221;https:\/\/sicred.com.al\/ler-takimin-online\/&#8221; custom_css_blurb_image=&#8221;width: 50px !important;&#8221; border_color_right=&#8221;rgba(51,51,51,0.1)&#8221; border_color_bottom=&#8221;rgba(51,51,51,0.4)&#8221; locked=&#8221;off&#8221;][\/et_pb_blurb][\/et_pb_column][et_pb_column type=&#8221;1_3&#8243; _builder_version=&#8221;4.6.6&#8243; _module_preset=&#8221;default&#8221;][et_pb_blurb title=&#8221;Aplikoni online p\u00ebr sigurimin&#8221; use_icon=&#8221;on&#8221; font_icon=&#8221;%%119%%&#8221; icon_color=&#8221;#c52b1b&#8221; use_icon_font_size=&#8221;on&#8221; icon_font_size=&#8221;20px&#8221; _builder_version=&#8221;4.9.10&#8243; _module_preset=&#8221;default&#8221; header_level=&#8221;h6&#8243; header_font=&#8221;Futura pt|||on|||||&#8221; header_text_align=&#8221;center&#8221; header_text_color=&#8221;#154577&#8243; header_font_size=&#8221;20px&#8221; body_font=&#8221;Futura pt||||||||&#8221; body_font_size=&#8221;15px&#8221; custom_padding=&#8221;|20px|||false|false&#8221; link_option_url=&#8221;https:\/\/sicred.com.al\/apliko-per-nje-produkt\/&#8221; custom_css_blurb_image=&#8221;width: 50px !important;&#8221; border_color_right=&#8221;rgba(51,51,51,0.1)&#8221; border_color_bottom=&#8221;rgba(51,51,51,0.4)&#8221; locked=&#8221;off&#8221;][\/et_pb_blurb][\/et_pb_column][\/et_pb_row][et_pb_row column_structure=&#8221;1_3,1_3,1_3&#8243; _builder_version=&#8221;4.6.6&#8243; _module_preset=&#8221;default&#8221; custom_padding=&#8221;0px|||||&#8221;][et_pb_column type=&#8221;1_3&#8243; _builder_version=&#8221;4.6.6&#8243; _module_preset=&#8221;default&#8221;][et_pb_blurb title=&#8221;Ekstrakt nga Kushtet e P\u00ebrgjithshme&#8221; use_icon=&#8221;on&#8221; font_icon=&#8221;%%147%%&#8221; icon_color=&#8221;#c52b1b&#8221; use_icon_font_size=&#8221;on&#8221; icon_font_size=&#8221;20px&#8221; _builder_version=&#8221;4.9.10&#8243; _module_preset=&#8221;default&#8221; header_level=&#8221;h6&#8243; header_font=&#8221;Futura pt|||on|||||&#8221; header_text_align=&#8221;center&#8221; header_text_color=&#8221;#154577&#8243; header_font_size=&#8221;20px&#8221; body_font=&#8221;Futura pt||||||||&#8221; body_font_size=&#8221;15px&#8221; custom_padding=&#8221;|20px|||false|false&#8221; link_option_url=&#8221;https:\/\/sicred.com.al\/wp-content\/uploads\/2022\/04\/7.-Ekstrakt-nga-Kushtet-e-pergjithshme-Sigurimi-Jeta-e-Nxenesve-dhe-Studenteve.pdf&#8221; custom_css_blurb_image=&#8221;width: 50px !important;&#8221; border_color_right=&#8221;rgba(51,51,51,0.1)&#8221; border_color_bottom=&#8221;rgba(51,51,51,0.4)&#8221; locked=&#8221;off&#8221;][\/et_pb_blurb][\/et_pb_column][et_pb_column type=&#8221;1_3&#8243; _builder_version=&#8221;4.6.6&#8243; _module_preset=&#8221;default&#8221;][et_pb_blurb title=&#8221;Raporto d\u00ebmin&#8221; use_icon=&#8221;on&#8221; font_icon=&#8221;%%82%%&#8221; icon_color=&#8221;#C52B1B&#8221; use_icon_font_size=&#8221;on&#8221; icon_font_size=&#8221;20px&#8221; _builder_version=&#8221;4.9.10&#8243; _module_preset=&#8221;default&#8221; header_level=&#8221;h6&#8243; header_font=&#8221;|||on|||||&#8221; header_text_align=&#8221;center&#8221; header_text_color=&#8221;#154577&#8243; header_font_size=&#8221;20px&#8221; link_option_url=&#8221;https:\/\/sicred.com.al\/raporto-demin-2\/&#8221; link_option_url_new_window=&#8221;on&#8221;][\/et_pb_blurb][\/et_pb_column][et_pb_column type=&#8221;1_3&#8243; _builder_version=&#8221;4.6.6&#8243; _module_preset=&#8221;default&#8221;][et_pb_blurb title=&#8221;Informacion mbi Taksat dhe Tatimet&#8221; use_icon=&#8221;on&#8221; font_icon=&#8221;%%71%%&#8221; icon_color=&#8221;#c52b1b&#8221; use_icon_font_size=&#8221;on&#8221; icon_font_size=&#8221;20px&#8221; _builder_version=&#8221;4.9.10&#8243; _module_preset=&#8221;default&#8221; header_level=&#8221;h6&#8243; header_font=&#8221;Futura pt|||on|||||&#8221; header_text_align=&#8221;center&#8221; header_text_color=&#8221;#154577&#8243; header_font_size=&#8221;20px&#8221; body_font=&#8221;Futura pt||||||||&#8221; body_font_size=&#8221;15px&#8221; custom_padding=&#8221;|20px|||false|false&#8221; link_option_url=&#8221;https:\/\/sicred.com.al\/wp-content\/uploads\/2021\/06\/Informacion-mbi-taksat-dhe-tatimet-color.pdf&#8221; link_option_url_new_window=&#8221;on&#8221; custom_css_blurb_image=&#8221;width: 50px !important;&#8221; border_color_right=&#8221;rgba(51,51,51,0.1)&#8221; border_color_bottom=&#8221;rgba(51,51,51,0.4)&#8221; locked=&#8221;off&#8221;][\/et_pb_blurb][\/et_pb_column][\/et_pb_row][\/et_pb_section][et_pb_section fb_built=&#8221;1&#8243; fullwidth=&#8221;on&#8221; _builder_version=&#8221;3.22&#8243; da_disable_devices=&#8221;off|off|off&#8221; da_is_popup=&#8221;off&#8221; da_exit_intent=&#8221;off&#8221; da_has_close=&#8221;on&#8221; da_alt_close=&#8221;off&#8221; da_dark_close=&#8221;off&#8221; da_not_modal=&#8221;on&#8221; da_is_singular=&#8221;off&#8221; da_with_loader=&#8221;off&#8221; da_has_shadow=&#8221;on&#8221;][et_pb_fullwidth_image _builder_version=&#8221;4.6.6&#8243;][\/et_pb_fullwidth_image][\/et_pb_section]<\/p>\n","protected":false},"excerpt":{"rendered":"<p>Ofertat e Sigurimit t\u00eb Jet\u00ebs s\u00eb Nx\u00ebn\u00ebsve dhe Student\u00ebve (JNS) &nbsp; Prezantim Jet\u00eb Nx\u00ebn\u00ebsi Prezantim Jet\u00eb Studenti<\/p>\n","protected":false},"author":2,"featured_media":0,"parent":0,"menu_order":0,"comment_status":"closed","ping_status":"closed","template":"","meta":{"_et_pb_use_builder":"on","_et_pb_old_content":"","_et_gb_content_width":"","inline_featured_image":false,"_monsterinsights_skip_tracking":false,"_monsterinsights_sitenote_active":false,"_monsterinsights_sitenote_note":"","_monsterinsights_sitenote_category":0,"footnotes":""},"class_list":["post-226051","page","type-page","status-publish","hentry"],"aioseo_notices":[],"_links":{"self":[{"href":"https:\/\/sicred.com.al\/en\/wp-json\/wp\/v2\/pages\/226051","targetHints":{"allow":["GET"]}}],"collection":[{"href":"https:\/\/sicred.com.al\/en\/wp-json\/wp\/v2\/pages"}],"about":[{"href":"https:\/\/sicred.com.al\/en\/wp-json\/wp\/v2\/types\/page"}],"author":[{"embeddable":true,"href":"https:\/\/sicred.com.al\/en\/wp-json\/wp\/v2\/users\/2"}],"replies":[{"embeddable":true,"href":"https:\/\/sicred.com.al\/en\/wp-json\/wp\/v2\/comments?post=226051"}],"version-history":[{"count":12,"href":"https:\/\/sicred.com.al\/en\/wp-json\/wp\/v2\/pages\/226051\/revisions"}],"predecessor-version":[{"id":240545,"href":"https:\/\/sicred.com.al\/en\/wp-json\/wp\/v2\/pages\/226051\/revisions\/240545"}],"wp:attachment":[{"href":"https:\/\/sicred.com.al\/en\/wp-json\/wp\/v2\/media?parent=226051"}],"curies":[{"name":"wp","href":"https:\/\/api.w.org\/{rel}","templated":true}]}}