{"id":225999,"date":"2021-06-01T10:52:51","date_gmt":"2021-06-01T10:52:51","guid":{"rendered":"http:\/\/sicred.com.al\/karriera\/"},"modified":"2026-01-20T10:14:48","modified_gmt":"2026-01-20T10:14:48","slug":"karriera","status":"publish","type":"page","link":"https:\/\/sicred.com.al\/en\/karriera\/","title":{"rendered":"Career"},"content":{"rendered":"<p>[et_pb_section fb_built=&#8221;1&#8243; _builder_version=&#8221;4.16&#8243; _module_preset=&#8221;default&#8221; background_color=&#8221;rgba(0,0,0,0)&#8221; use_background_color_gradient=&#8221;on&#8221; background_image=&#8221;https:\/\/sicred.com.al\/wp-content\/uploads\/2021\/06\/apply-online-1.jpg&#8221; background_position=&#8221;bottom_center&#8221; custom_margin=&#8221;0px|0px|0px|0px|false|false&#8221; custom_padding=&#8221;0px|0px|0px|0px|false|false&#8221; da_disable_devices=&#8221;off|off|off&#8221; locked=&#8221;off&#8221; global_colors_info=&#8221;{}&#8221; da_is_popup=&#8221;off&#8221; da_exit_intent=&#8221;off&#8221; da_has_close=&#8221;on&#8221; da_alt_close=&#8221;off&#8221; da_dark_close=&#8221;off&#8221; da_not_modal=&#8221;on&#8221; da_is_singular=&#8221;off&#8221; da_with_loader=&#8221;off&#8221; da_has_shadow=&#8221;on&#8221;][et_pb_row use_custom_gutter=&#8221;on&#8221; gutter_width=&#8221;1&#8243; custom_padding_last_edited=&#8221;on|phone&#8221; admin_label=&#8221;Mobile Optin Module&#8221; module_class=&#8221; et_pb_row_fullwidth&#8221; _builder_version=&#8221;4.16&#8243; background_color=&#8221;rgba(21,69,119,0.5)&#8221; use_background_color_gradient=&#8221;on&#8221; background_color_gradient_stops=&#8221;rgba(21,69,119,0.9) 0%|rgba(21,69,119,0.65) 100%&#8221; background_color_gradient_start=&#8221;rgba(21,69,119,0.9)&#8221; background_color_gradient_end=&#8221;rgba(21,69,119,0.65)&#8221; width=&#8221;100%&#8221; width_tablet=&#8221;100%&#8221; width_phone=&#8221;&#8221; width_last_edited=&#8221;on|desktop&#8221; max_width=&#8221;100%&#8221; max_width_tablet=&#8221;100%&#8221; max_width_phone=&#8221;&#8221; max_width_last_edited=&#8221;on|desktop&#8221; min_height=&#8221;100%&#8221; height=&#8221;100%&#8221; max_height=&#8221;100%&#8221; custom_padding=&#8221;5%|10%|10%|10%|false|true&#8221; custom_padding_tablet=&#8221;&#8221; custom_padding_phone=&#8221;1%||3%||false|true&#8221; custom_css_main_element=&#8221; overflow: visible;&#8221; make_fullwidth=&#8221;on&#8221; locked=&#8221;off&#8221; collapsed=&#8221;off&#8221; global_colors_info=&#8221;{}&#8221;][et_pb_column type=&#8221;4_4&#8243; _builder_version=&#8221;4.16&#8243; custom_padding=&#8221;10%|10%||10%|false|true&#8221; custom_padding_tablet=&#8221;||40px|&#8221; custom_padding_phone=&#8221;&#8221; custom_padding_last_edited=&#8221;on|tablet&#8221; global_colors_info=&#8221;{}&#8221; custom_padding__hover=&#8221;|||&#8221;][et_pb_text _builder_version=&#8221;4.19.4&#8243; _module_preset=&#8221;default&#8221; text_font=&#8221;Futura pt||||||||&#8221; header_font=&#8221;Futura pt||||||||&#8221; header_text_align=&#8221;left&#8221; header_font_size=&#8221;40px&#8221; header_2_font=&#8221;Futura pt|||on|||||&#8221; header_2_text_align=&#8221;left&#8221; header_2_text_color=&#8221;#f7f9fc&#8221; header_2_font_size=&#8221;42px&#8221; custom_margin=&#8221;||||false|false&#8221; custom_margin_tablet=&#8221;10%||||false|false&#8221; custom_margin_phone=&#8221;20%||||false|false&#8221; custom_margin_last_edited=&#8221;on|tablet&#8221; header_font_size_tablet=&#8221;25px&#8221; header_font_size_phone=&#8221;&#8221; header_font_size_last_edited=&#8221;on|tablet&#8221; header_2_font_size_tablet=&#8221;30px&#8221; header_2_font_size_phone=&#8221;18px&#8221; header_2_font_size_last_edited=&#8221;on|phone&#8221; border_color_top=&#8221;#154577&#8243; global_colors_info=&#8221;{}&#8221;]<\/p>\n<h2 style=\"text-align: center;\">JOBS AVAILABLE<\/h2>\n<p>[\/et_pb_text][\/et_pb_column][\/et_pb_row][\/et_pb_section][et_pb_section fb_built=&#8221;1&#8243; _builder_version=&#8221;4.16&#8243; _module_preset=&#8221;default&#8221; custom_padding=&#8221;21px||0px|||&#8221; da_disable_devices=&#8221;off|off|off&#8221; global_colors_info=&#8221;{}&#8221; da_is_popup=&#8221;off&#8221; da_exit_intent=&#8221;off&#8221; da_has_close=&#8221;on&#8221; da_alt_close=&#8221;off&#8221; da_dark_close=&#8221;off&#8221; da_not_modal=&#8221;on&#8221; da_is_singular=&#8221;off&#8221; da_with_loader=&#8221;off&#8221; da_has_shadow=&#8221;on&#8221;][et_pb_row column_structure=&#8221;2_3,1_3&#8243; _builder_version=&#8221;4.16&#8243; _module_preset=&#8221;default&#8221; global_colors_info=&#8221;{}&#8221;][et_pb_column type=&#8221;2_3&#8243; _builder_version=&#8221;4.16&#8243; _module_preset=&#8221;default&#8221; global_colors_info=&#8221;{}&#8221;][et_pb_text disabled_on=&#8221;off|off|off&#8221; _builder_version=&#8221;4.27.4&#8243; _module_preset=&#8221;default&#8221; header_4_font=&#8221;Futura pt||||||||&#8221; header_4_text_color=&#8221;#154577&#8243; positioning=&#8221;relative&#8221; vertical_offset=&#8221;45px&#8221; horizontal_offset=&#8221;20px&#8221; custom_margin=&#8221;||49px|||&#8221; custom_padding=&#8221;||9px|||&#8221; global_colors_info=&#8221;{}&#8221;]<\/p>\n<h4>We currently have no open positions.\u00a0Please come back later.<\/h4>\n<p>[\/et_pb_text][et_pb_accordion disabled_on=&#8221;on|on|on&#8221; _builder_version=&#8221;4.19.4&#8243; _module_preset=&#8221;default&#8221; disabled=&#8221;on&#8221; global_colors_info=&#8221;{}&#8221;][et_pb_accordion_item title=&#8221;Specialist\/e Shitjesh&#8221; open=&#8221;on&#8221; _builder_version=&#8221;4.19.4&#8243; _module_preset=&#8221;default&#8221; vertical_offset=&#8221;0px&#8221; z_index=&#8221;0&#8243; global_colors_info=&#8221;{}&#8221; toggle_text_color=&#8221;#154577&#8243; toggle_level=&#8221;h4&#8243;]<\/p>\n<p>&nbsp;<\/p>\n<p>SiCRED aktualisht k\u00ebrkon t\u00eb pun\u00ebsoj\u00eb nj\u00eb ekonomist\/e p\u00ebr pozicionin <strong>\u201c<\/strong><strong>Specialist\/e Shitjesh\u201d <\/strong>pran\u00eb Drejtoris\u00eb s\u00eb Shitjeve.<\/p>\n<ul>\n<li>K\u00ebrkesat e p\u00ebrgjithshme kualifikuese si m\u00eb posht\u00eb:<\/li>\n<\/ul>\n<ol>\n<li>T\u00eb ket\u00eb mbaruar studimet e larta n\u00eb nj\u00ebr\u00ebn nga deg\u00ebt e Fakultetit t\u00eb Ekonomis\u00eb;<\/li>\n<li>T\u00eb ket\u00eb njohuri rreth parimeve dhe metodave p\u00ebr t\u00eb demonstruar, promovuar dhe shitur produkte;<\/li>\n<li>T\u00eb jet\u00eb i gatsh\u00ebm p\u00ebr t\u00eb promovuar produktet e shoq\u00ebris\u00eb pran\u00eb klient\u00ebve;<\/li>\n<li>T\u00eb ket\u00eb aft\u00ebsi shum\u00eb t\u00eb mira analitike, komunikimi dhe shpreh\u00ebse;<\/li>\n<li>T\u00eb jet\u00eb i orientuar drejt sh\u00ebrbimit ndaj klientit dhe arritjes s\u00eb objektivave;<\/li>\n<li>T\u00eb jet\u00eb person energjik, pozitiv dhe i motivuar;<\/li>\n<li>T\u00eb ket\u00eb njohuri t\u00eb mira t\u00eb programeve baz\u00eb kompjuterike (Microsoft Excel dhe Word);<\/li>\n<li>T\u00eb jet\u00eb i p\u00ebrkushtuar dhe i aft\u00eb t\u00eb p\u00ebrballoj\u00eb ngarkes\u00ebn n\u00eb pun\u00eb;<\/li>\n<li>T\u00eb ket\u00eb njohuri t\u00eb mira t\u00eb gjuh\u00ebs angleze<\/li>\n<\/ol>\n<ul>\n<li>Informacion mbi p\u00ebrshkrimin e pun\u00ebs:<\/li>\n<\/ul>\n<ol>\n<li>Menaxhon n\u00eb m\u00ebnyr\u00eb profesionale klient\u00ebt ekzistues duke i ofruar produktet e nevojshme sipas specifikave t\u00eb tyre;<\/li>\n<li>Identifikon klient\u00eb t\u00eb rinj dhe prezanton produktet e kompanis\u00eb;<\/li>\n<li>Negocion dhe mbyll shitjen duke arritur marr\u00ebveshje me klientin;<\/li>\n<li>Bashk\u00ebpunon me an\u00ebtar\u00ebt e tjer\u00eb t\u00eb ekipit t\u00eb shitjes duke ndjekur proceset e pun\u00ebs deri n\u00eb finalizimin e pun\u00ebs;<\/li>\n<li>P\u00ebrgatit dhe p\u00ebrdit\u00ebson databaz\u00ebn e shitjeve;<\/li>\n<li>Etj.<\/li>\n<\/ol>\n<ul>\n<li>Dokumentacioni q\u00eb duhet t\u00eb depozitohet:<\/li>\n<\/ul>\n<ol>\n<li>CV me <strong>foto<\/strong>;<\/li>\n<li>Kopje e diplom\u00ebs dhe list\u00ebs s\u00eb notave;<\/li>\n<li>Kopje e ID;<\/li>\n<li>Kopje t\u00eb d\u00ebshmive p\u00ebr njohjen e gjuh\u00ebs angleze dhe gjuh\u00ebve t\u00eb tjera (n\u00ebse disponon);<\/li>\n<li>Kopje e certifikatave t\u00eb ndryshme t\u00eb kualifikimit.<\/li>\n<\/ol>\n<p>Personat e interesuar jan\u00eb t\u00eb mir\u00ebpritur t\u00eb p\u00ebrcjellin CV-n\u00eb e tyre deri n\u00eb dat\u00ebn <strong>21 Janar 2024, <\/strong>p\u00ebrmes nj\u00ebr\u00ebs prej m\u00ebnyrave t\u00eb m\u00ebposhtme:<\/p>\n<ul>\n<li><strong>Me post\u00eb,<\/strong> n\u00eb adres\u00ebn: Shoq\u00ebria e Sigurimit t\u00eb Jet\u00ebs SiCRED sh.a., Nj\u00ebsia Bashkiake Nr.5, Rr. \u201cBrigada VIII\u201d, Vila nr. 3\/1, Tiran\u00eb<\/li>\n<li><strong>Me email<\/strong>: elama@sicred.com.al, contact@sicred.com.al<\/li>\n<li><strong>Online<\/strong>: <span><a href=\"https:\/\/sicred.com.al\">sicred.com.al<\/a><\/span> (Karriera)<\/li>\n<\/ul>\n<p><em>*Vet\u00ebm kandidat\u00ebt e p\u00ebrzgjedhur do t\u00eb kontaktohen.<\/em><\/p>\n<p>[\/et_pb_accordion_item][\/et_pb_accordion][et_pb_accordion disabled_on=&#8221;on|on|on&#8221; _builder_version=&#8221;4.19.4&#8243; _module_preset=&#8221;default&#8221; disabled=&#8221;on&#8221; global_colors_info=&#8221;{}&#8221;][et_pb_accordion_item title=&#8221;Specialist\/e i Siguris\u00eb s\u00eb Informacionit&#8221; open=&#8221;on&#8221; _builder_version=&#8221;4.19.4&#8243; _module_preset=&#8221;default&#8221; vertical_offset=&#8221;0px&#8221; z_index=&#8221;0&#8243; global_colors_info=&#8221;{}&#8221; toggle_text_color=&#8221;#154577&#8243; toggle_level=&#8221;h4&#8243;]<\/p>\n<p>&nbsp;<\/p>\n<p><span>SiCRED k\u00ebrkon t\u00eb pun\u00ebsoj\u00eb nj\u00eb IT p\u00ebr pozicionin <strong>\u201cSpecialist\/e i Siguris\u00eb s\u00eb Informacionit\u201d,<\/strong> pran\u00eb<strong> Zyrave Qendrore <\/strong>t\u00eb saj.<\/span><\/p>\n<ul><\/ul>\n<ul>\n<li>K\u00ebrkesat e p\u00ebrgjithshme kualifikuese:<\/li>\n<\/ul>\n<ol>\n<li>T\u00eb ket\u00eb mbaruar studimet e larta p\u00ebr Inxhinieri Elektronike apo Informatik\u00eb;<\/li>\n<li>T\u00eb zot\u00ebroj\u00eb njohuri shum\u00eb t\u00eb mira p\u00ebr \u00e7\u00ebshtjet e teknologjis\u00eb s\u00eb informacionit, t\u00eb jet\u00eb i aft\u00eb, por jo i limituar vet\u00ebm, n\u00eb trajtimin e \u00e7\u00ebshtjeve t\u00eb m\u00ebposhtme:<br \/>\u00a0 \u00a0 2.1. Siguria e Informacionit \u2013 Aplikim t\u00eb politikave t\u00eb kompanis\u00eb;<br \/>\u00a0 \u00a0 2.2. Nd\u00ebrlidhje \/ Rrjeta \u2013 Administrim t\u00eb lidhjeve komunikuese t\u00eb sigurta t\u00eb pjes\u00ebve p\u00ebrb\u00ebr\u00ebse t\u00eb infrastruktur\u00ebs<br \/>\u00a0 \u00a0 \u00a0 \u00a0 \u00a0 \u00a0nd\u00ebrlidh\u00ebse t\u00eb kompanis\u00eb n\u00eb p\u00ebrputhje me politikat e siguris\u00eb s\u00eb informacionit;<br \/>\u00a0 \u00a0 2.3. Pjes\u00eb dhe Programe Kompjuterike \u2013 Administrimin e sistemeve hardware-ike dhe aplikative t\u00eb kompanis\u00eb n\u00eb<br \/>\u00a0 \u00a0 \u00a0 \u00a0 \u00a0 \u00a0p\u00ebrputhje me k\u00ebrkesat dhe politikat e siguris\u00eb s\u00eb informacionit;<\/li>\n<li>T\u00eb jet\u00eb i\/e p\u00ebrkushtuar dhe i\/e aft\u00eb t\u00eb p\u00ebrballoj\u00eb ngarkes\u00ebn n\u00eb pun\u00eb, oraret e zgjatura si dhe sh\u00ebrbimet jasht\u00eb qytetit;<\/li>\n<li>T\u00eb zot\u00ebroj\u00eb gjuh\u00ebn angleze.<\/li>\n<\/ol>\n<ul>\n<li>Informacion mbi p\u00ebrshkrimin e pun\u00ebs:<\/li>\n<\/ul>\n<ol>\n<li>Kryen administrimin e sistemeve t\u00eb serverave n\u00eb SiCRED sh.a. q\u00eb p\u00ebrfshin instalimin dhe mir\u00ebmbajtjen e sistemin dhe aplikacionet software-ike n\u00ebp\u00ebrmjet p\u00ebrdit\u00ebsimit t\u00eb tyre;<\/li>\n<li>Optimizon operimin e sistemit dhe utilizimin e resurseve, si dhe kryen analiza dhe planifikim t\u00eb kapacitetit t\u00eb sistemit;<\/li>\n<li>Kryen funksionin e administruesit t\u00eb siguris\u00eb, duke p\u00ebrfshir\u00eb krijimin e profileve dhe llogarive p\u00ebrdoruese;<\/li>\n<li>Ka p\u00ebrgjegj\u00ebsi p\u00ebr projektimin e rrjetit kompjuterik \/ sistemeve;<\/li>\n<li>Ka p\u00ebrgjegj\u00ebsi n\u00eb ngritjen, konfigurimin, mir\u00ebmbajtjen dhe monitorimin e pajisjeve aktive t\u00eb rrjetit informativ;<\/li>\n<li>Etj.<\/li>\n<\/ol>\n<ol><\/ol>\n<ul>\n<li><span>Dokumentacioni q\u00eb duhet t\u00eb depozitohet:<\/span><\/li>\n<\/ul>\n<ol>\n<li>CV me foto;<\/li>\n<li>Kopje e diplom\u00ebs dhe list\u00ebs s\u00eb notave;<\/li>\n<li>Kopje e ID;<\/li>\n<li>\u00c7ertifikata kualifikimi;<\/li>\n<li>Referenca nga pun\u00ebdh\u00ebn\u00ebs t\u00eb m\u00ebparsh\u00ebm (n\u00ebse ka).<\/li>\n<\/ol>\n<p><span>Personat e interesuar jan\u00eb t\u00eb mir\u00ebpritur t\u00eb p\u00ebrcjellin CV-n\u00eb e tyre deri n\u00eb dat\u00ebn <strong>07 Prill 2023,<\/strong><strong>\u00a0<\/strong>p\u00ebrmes nj\u00ebr\u00ebs nga m\u00ebnyrat e m\u00ebposhtme:<\/span><span>\u00a0<\/span><\/p>\n<ul>\n<li><strong><span>Me post\u00eb,<\/span><\/strong><span> n\u00eb adres\u00ebn: Shoq\u00ebria e Sigurimit t\u00eb Jet\u00ebs SiCRED sh.a., Nj\u00ebsia Bashkiake Nr.5, Rr. \u201cBrigada VIII\u201d, Vila nr. 3\/1, Tiran\u00eb<\/span><\/li>\n<li><strong><span>Me email<\/span><\/strong><span>: elama@sicred.com.al, contact@sicred.com.al <\/span><\/li>\n<li><span><strong>Online:<\/strong> sicred.com.al\/karriera\/<\/span><\/li>\n<\/ul>\n<p><em><span>*Vet\u00ebm kandidat\u00ebt e p\u00ebrzgjedhur do t\u00eb kontaktohen.<\/span><\/em><\/p>\n<p>[\/et_pb_accordion_item][\/et_pb_accordion][\/et_pb_column][et_pb_column type=&#8221;1_3&#8243; _builder_version=&#8221;4.16&#8243; _module_preset=&#8221;default&#8221; global_colors_info=&#8221;{}&#8221;][et_pb_sidebar orientation=&#8221;right&#8221; area=&#8221;et_pb_widget_area_10&#8243; _builder_version=&#8221;4.19.4&#8243; _module_preset=&#8221;default&#8221; global_colors_info=&#8221;{}&#8221;][\/et_pb_sidebar][\/et_pb_column][\/et_pb_row][et_pb_row _builder_version=&#8221;4.16&#8243; _module_preset=&#8221;default&#8221; custom_padding=&#8221;|||10px||&#8221; global_colors_info=&#8221;{}&#8221; disabled_on=&#8221;on|on|on&#8221; disabled=&#8221;on&#8221;][et_pb_column type=&#8221;4_4&#8243; _builder_version=&#8221;4.16&#8243; _module_preset=&#8221;default&#8221; global_colors_info=&#8221;{}&#8221;][et_pb_blurb content_max_width=&#8221;1100px&#8221; _builder_version=&#8221;4.19.4&#8243; _module_preset=&#8221;default&#8221; width=&#8221;89%&#8221; module_alignment=&#8221;left&#8221; hover_enabled=&#8221;0&#8243; global_colors_info=&#8221;{}&#8221; sticky_enabled=&#8221;0&#8243;]<\/p>\n<p style=\"text-align: center;\"><strong>APPLY HERE<\/strong><\/p>\n<p style=\"text-align: center;\"><strong><\/strong><\/p>\n<p style=\"text-align: center;\"><strong><\/strong><\/p>\n<div class=\"caldera-grid\" id=\"caldera_form_1\" data-cf-ver=\"1.9.6\" data-cf-form-id=\"CF656d9a8bbc8b5\"><div id=\"caldera_notices_1\" data-spinner=\"https:\/\/sicred.com.al\/wp-admin\/images\/spinner.gif\"><\/div><form data-instance=\"1\" class=\"CF656d9a8bbc8b5 caldera_forms_form cfajax-trigger\" method=\"POST\" enctype=\"multipart\/form-data\" id=\"CF656d9a8bbc8b5_1\" data-form-id=\"CF656d9a8bbc8b5\" aria-label=\"Karriera new\" data-target=\"#caldera_notices_1\" data-template=\"#cfajax_CF656d9a8bbc8b5-tmpl\" data-cfajax=\"CF656d9a8bbc8b5\" data-load-element=\"_parent\" data-load-class=\"cf_processing\" data-post-disable=\"0\" data-action=\"cf_process_ajax_submit\" data-request=\"https:\/\/sicred.com.al\/en\/\/cf-api\/CF656d9a8bbc8b5\" data-hiderows=\"true\">\r\n<input type=\"hidden\" id=\"_cf_verify_CF656d9a8bbc8b5\" name=\"_cf_verify\" value=\"d4e78ef38c\"  data-nonce-time=\"1776855392\" \/><input type=\"hidden\" name=\"_wp_http_referer\" value=\"\/en\/wp-json\/wp\/v2\/pages\/225999\" \/><div id=\"cf2-CF656d9a8bbc8b5_1\"><\/div><input type=\"hidden\" name=\"_cf_frm_id\" value=\"CF656d9a8bbc8b5\">\r\n<input type=\"hidden\" name=\"_cf_frm_ct\" value=\"1\">\r\n<input type=\"hidden\" name=\"cfajax\" value=\"CF656d9a8bbc8b5\">\r\n<input type=\"hidden\" name=\"_cf_cr_pst\" value=\"225999\">\r\n<div class=\"hide\" style=\"display:none; overflow:hidden;height:0;width:0;\">\r\n<label>Company<\/label><input type=\"text\" name=\"company\" value=\"\" autocomplete=\"off\">\r\n<\/div><div id=\"CF656d9a8bbc8b5_1-row-1\"  class=\"row  first_row\"><div  class=\"col-sm-12  single\"><div data-field-wrapper=\"fld_7841315\" class=\"form-group\" id=\"fld_7841315_1-wrap\">\r\n\t<label id=\"fld_7841315Label\" for=\"fld_7841315_1\" class=\"control-label\">Zgjidhni pozicionin e lir\u00eb: <span aria-hidden=\"true\" role=\"presentation\" class=\"field_required\" style=\"color:#ee0000;\">*<\/span><\/label>\r\n\t<div class=\"\">\r\n\t\t<select name=\"fld_7841315\" value=\"\" data-field=\"fld_7841315\" class=\"form-control\" id=\"fld_7841315_1\"  required=\"required\"  aria-labelledby=\"fld_7841315Label\" aria-describedby=\"fld_7841315Caption\" >\n\t\t<option value=\"\" disabled selected>Zgjidhni<\/option>\t\t\t\t\t<option value=\"&quot;Mjek&quot;\"  data-calc-value=\"&quot;Mjek&quot;\" >\n\t\t\t\t\t\t&quot;Mjek&quot;\t\t\t\t\t<\/option>\n\t\t\t\t\t\t\t\t\t\t<option value=\"&quot;Ekonomist\/e&quot;\"  data-calc-value=\"&quot;Ekonomist\/e&quot;\" >\n\t\t\t\t\t\t&quot;Ekonomist\/e&quot;\t\t\t\t\t<\/option>\n\t\t\t\t\t\t\t<\/select>\n\t\t<span id=\"fld_7841315Caption\" class=\"help-block\">Select from jobs available<\/span>\r\n\t<\/div>\r\n<\/div>\r\n<\/div><\/div><div id=\"CF656d9a8bbc8b5_1-row-2\"  class=\"row \"><div  class=\"col-sm-6  first_col\"><div data-field-wrapper=\"fld_8053286\" class=\"form-group\" id=\"fld_8053286_1-wrap\">\r\n\t<label id=\"fld_8053286Label\" for=\"fld_8053286_1\" class=\"control-label\">Emri: <span aria-hidden=\"true\" role=\"presentation\" class=\"field_required\" style=\"color:#ee0000;\">*<\/span><\/label>\r\n\t<div class=\"\">\r\n\t\t<input   required type=\"text\" data-field=\"fld_8053286\" class=\" form-control\" id=\"fld_8053286_1\" name=\"fld_8053286\" value=\"\" data-type=\"text\" aria-required=\"true\"   aria-labelledby=\"fld_8053286Label\" aria-describedby=\"fld_8053286Caption\" >\t\t<span id=\"fld_8053286Caption\" class=\"help-block\">First Name<\/span>\r\n\t<\/div>\r\n<\/div>\r\n<\/div><div  class=\"col-sm-6  last_col\"><div data-field-wrapper=\"fld_9350355\" class=\"form-group\" id=\"fld_9350355_1-wrap\">\r\n\t<label id=\"fld_9350355Label\" for=\"fld_9350355_1\" class=\"control-label\">Mbiemri: <span aria-hidden=\"true\" role=\"presentation\" class=\"field_required\" style=\"color:#ee0000;\">*<\/span><\/label>\r\n\t<div class=\"\">\r\n\t\t<input   required type=\"text\" data-field=\"fld_9350355\" class=\" form-control\" id=\"fld_9350355_1\" name=\"fld_9350355\" value=\"\" data-type=\"text\" aria-required=\"true\"   aria-labelledby=\"fld_9350355Label\" aria-describedby=\"fld_9350355Caption\" >\t\t<span id=\"fld_9350355Caption\" class=\"help-block\">Last Name<\/span>\r\n\t<\/div>\r\n<\/div>\r\n<\/div><\/div><div id=\"CF656d9a8bbc8b5_1-row-3\"  class=\"row \"><div  class=\"col-sm-6  first_col\"><div data-field-wrapper=\"fld_1359531\" class=\"form-group\" id=\"fld_1359531_1-wrap\">\r\n\t<label id=\"fld_1359531Label\" for=\"fld_1359531_1\" class=\"control-label\">Email: <span aria-hidden=\"true\" role=\"presentation\" class=\"field_required\" style=\"color:#ee0000;\">*<\/span><\/label>\r\n\t<div class=\"\">\r\n\t\t<input   required type=\"email\" data-field=\"fld_1359531\" class=\" form-control\" id=\"fld_1359531_1\" name=\"fld_1359531\" value=\"\" data-type=\"email\" aria-required=\"true\"   aria-labelledby=\"fld_1359531Label\" aria-describedby=\"fld_1359531Caption\" >\t\t<span id=\"fld_1359531Caption\" class=\"help-block\">Email<\/span>\r\n\t<\/div>\r\n<\/div>\r\n<\/div><div  class=\"col-sm-6  last_col\"><div data-field-wrapper=\"fld_263795\" class=\"form-group\" id=\"fld_263795_1-wrap\">\r\n\t<label id=\"fld_263795Label\" for=\"fld_263795_1\" class=\"control-label\">Qyteti: <span aria-hidden=\"true\" role=\"presentation\" class=\"field_required\" style=\"color:#ee0000;\">*<\/span><\/label>\r\n\t<div class=\"\">\r\n\t\t<input   required type=\"text\" data-field=\"fld_263795\" class=\" form-control\" id=\"fld_263795_1\" name=\"fld_263795\" value=\"\" data-type=\"text\" aria-required=\"true\"   aria-labelledby=\"fld_263795Label\" aria-describedby=\"fld_263795Caption\" >\t\t<span id=\"fld_263795Caption\" class=\"help-block\">City<\/span>\r\n\t<\/div>\r\n<\/div>\r\n<\/div><\/div><div id=\"CF656d9a8bbc8b5_1-row-4\"  class=\"row \"><div  class=\"col-sm-6  first_col\"><div data-field-wrapper=\"fld_8571626\" class=\"form-group\" id=\"fld_8571626_1-wrap\">\r\n\t<label id=\"fld_8571626Label\" for=\"fld_8571626_1\" class=\"control-label\">Tel: <span aria-hidden=\"true\" role=\"presentation\" class=\"field_required\" style=\"color:#ee0000;\">*<\/span><\/label>\r\n\t<div class=\"\">\r\n\t\t<input  data-inputmask=\"'mask': '(+999)99 999 9999'\"  required type=\"phone\" data-field=\"fld_8571626\" class=\" form-control\" id=\"fld_8571626_1\" name=\"fld_8571626\" value=\"(+355)__ ___ ____\" data-type=\"phone\" aria-required=\"true\"   aria-labelledby=\"fld_8571626Label\" aria-describedby=\"fld_8571626Caption\" >\t\t<span id=\"fld_8571626Caption\" class=\"help-block\">Mobile Phone No<\/span>\r\n\t<\/div>\r\n<\/div>\r\n<\/div><div  class=\"col-sm-6  last_col\"><div data-field-wrapper=\"fld_4957359\" class=\"form-group\" id=\"fld_4957359_1-wrap\">\r\n\t<label id=\"fld_4957359Label\" for=\"fld_4957359_1\" class=\"control-label\">Tel Fiks:<\/label>\r\n\t<div class=\"\">\r\n\t\t<input  data-inputmask=\"'mask': '(999) 9 999 9999'\"   type=\"phone\" data-field=\"fld_4957359\" class=\" form-control\" id=\"fld_4957359_1\" name=\"fld_4957359\" value=\"(000) 4 ___ ____\" data-type=\"phone\"   aria-labelledby=\"fld_4957359Label\" aria-describedby=\"fld_4957359Caption\" >\t\t<span id=\"fld_4957359Caption\" class=\"help-block\">Home Phone No:<\/span>\r\n\t<\/div>\r\n<\/div>\r\n<\/div><\/div><div id=\"CF656d9a8bbc8b5_1-row-5\"  class=\"row \"><div  class=\"col-sm-12  single\"><div data-field-wrapper=\"fld_2472079\" class=\"form-group\" id=\"fld_2472079_1-wrap\">\r\n\t<label id=\"fld_2472079Label\" for=\"fld_2472079_1\" class=\"control-label\">Adresa <span aria-hidden=\"true\" role=\"presentation\" class=\"field_required\" style=\"color:#ee0000;\">*<\/span><\/label>\r\n\t<div class=\"\">\r\n\t\t<input   required type=\"text\" data-field=\"fld_2472079\" class=\" form-control\" id=\"fld_2472079_1\" name=\"fld_2472079\" value=\"\" data-type=\"text\" aria-required=\"true\"   aria-labelledby=\"fld_2472079Label\" aria-describedby=\"fld_2472079Caption\" >\t\t<span id=\"fld_2472079Caption\" class=\"help-block\">Address<\/span>\r\n\t<\/div>\r\n<\/div>\r\n<\/div><\/div><div id=\"CF656d9a8bbc8b5_1-row-6\"  class=\"row  last_row\"><div  class=\"col-sm-6  first_col\"><div data-field-wrapper=\"fld_5490450\" class=\"form-group\" id=\"fld_5490450_1-wrap\">\r\n\t<label id=\"fld_5490450Label\" for=\"fld_5490450_1\" class=\"control-label\">Ngarko dokumentet e aplikimit (.zip) <span aria-hidden=\"true\" role=\"presentation\" class=\"field_required\" style=\"color:#ee0000;\">*<\/span><\/label>\r\n\t<div class=\"file-prevent-overflow\">\r\n\t\t<div id=\"fld_5490450_1_file_list\" class=\"cf-multi-uploader-list\"><\/div>\n\t\t\t\t<input type=\"file\" name=\"fld_5490450\" value=\"\" data-field=\"fld_5490450\" class=\"\" id=\"fld_5490450_1\" data-controlid=\"trupl69e8a96046550\"   required=\"required\"   aria-labelledby=\"fld_5490450Label\" aria-describedby=\"fld_5490450Caption\">\n\t\t<input type=\"hidden\" name=\"fld_5490450\" value=\"trupl69e8a96046550\">\n\t\t<span id=\"fld_5490450Caption\" class=\"help-block\">Submit application docs (.zip)<\/span>\r\n\t<\/div>\r\n<\/div>\r\n<\/div><div  class=\"col-sm-6  last_col\"><div data-field-wrapper=\"fld_3401197\" class=\"form-group\" id=\"fld_3401197_1-wrap\">\r\n<div class=\"\">\r\n\t<input  class=\"btn btn-default\" type=\"submit\" name=\"fld_3401197\" id=\"fld_3401197_1\" value=\"D\u00ebrgo\" data-field=\"fld_3401197\"  >\n<\/div>\r\n<\/div>\r\n\t<input class=\"button_trigger_1\" type=\"hidden\" name=\"fld_3401197\" id=\"fld_3401197_1_btn\" value=\"\" data-field=\"fld_3401197\"  \/>\n<\/div><\/div><\/form>\r\n<\/div>\r\n\n<p>[\/et_pb_blurb][\/et_pb_column][\/et_pb_row][\/et_pb_section][et_pb_section fb_built=&#8221;1&#8243; fullwidth=&#8221;on&#8221; _builder_version=&#8221;4.16&#8243; da_disable_devices=&#8221;off|off|off&#8221; global_colors_info=&#8221;{}&#8221; da_is_popup=&#8221;off&#8221; da_exit_intent=&#8221;off&#8221; da_has_close=&#8221;on&#8221; da_alt_close=&#8221;off&#8221; da_dark_close=&#8221;off&#8221; da_not_modal=&#8221;on&#8221; da_is_singular=&#8221;off&#8221; da_with_loader=&#8221;off&#8221; da_has_shadow=&#8221;on&#8221;][et_pb_fullwidth_image _builder_version=&#8221;4.16&#8243; global_colors_info=&#8221;{}&#8221;]<br \/>\n[\/et_pb_fullwidth_image][\/et_pb_section]<\/p>\n","protected":false},"excerpt":{"rendered":"<p>JOBS AVAILABLEWe currently have no open positions.\u00a0Please come back later.&nbsp; SiCRED aktualisht k\u00ebrkon t\u00eb pun\u00ebsoj\u00eb nj\u00eb ekonomist\/e p\u00ebr pozicionin \u201cSpecialist\/e Shitjesh\u201d pran\u00eb Drejtoris\u00eb s\u00eb Shitjeve. K\u00ebrkesat e p\u00ebrgjithshme kualifikuese si m\u00eb posht\u00eb: T\u00eb ket\u00eb mbaruar studimet e larta n\u00eb nj\u00ebr\u00ebn nga deg\u00ebt e Fakultetit t\u00eb Ekonomis\u00eb; T\u00eb ket\u00eb njohuri rreth parimeve dhe metodave p\u00ebr t\u00eb [&hellip;]<\/p>\n","protected":false},"author":2,"featured_media":0,"parent":0,"menu_order":0,"comment_status":"closed","ping_status":"closed","template":"","meta":{"_et_pb_use_builder":"on","_et_pb_old_content":"","_et_gb_content_width":"","inline_featured_image":false,"_monsterinsights_skip_tracking":false,"_monsterinsights_sitenote_active":false,"_monsterinsights_sitenote_note":"","_monsterinsights_sitenote_category":0,"footnotes":""},"class_list":["post-225999","page","type-page","status-publish","hentry"],"aioseo_notices":[],"_links":{"self":[{"href":"https:\/\/sicred.com.al\/en\/wp-json\/wp\/v2\/pages\/225999","targetHints":{"allow":["GET"]}}],"collection":[{"href":"https:\/\/sicred.com.al\/en\/wp-json\/wp\/v2\/pages"}],"about":[{"href":"https:\/\/sicred.com.al\/en\/wp-json\/wp\/v2\/types\/page"}],"author":[{"embeddable":true,"href":"https:\/\/sicred.com.al\/en\/wp-json\/wp\/v2\/users\/2"}],"replies":[{"embeddable":true,"href":"https:\/\/sicred.com.al\/en\/wp-json\/wp\/v2\/comments?post=225999"}],"version-history":[{"count":38,"href":"https:\/\/sicred.com.al\/en\/wp-json\/wp\/v2\/pages\/225999\/revisions"}],"predecessor-version":[{"id":247560,"href":"https:\/\/sicred.com.al\/en\/wp-json\/wp\/v2\/pages\/225999\/revisions\/247560"}],"wp:attachment":[{"href":"https:\/\/sicred.com.al\/en\/wp-json\/wp\/v2\/media?parent=225999"}],"curies":[{"name":"wp","href":"https:\/\/api.w.org\/{rel}","templated":true}]}}