{"id":225991,"date":"2021-06-07T09:21:10","date_gmt":"2021-06-07T09:21:10","guid":{"rendered":"http:\/\/sicred.com.al\/ndermjetesim-ne-punesim\/"},"modified":"2023-05-16T13:56:13","modified_gmt":"2023-05-16T13:56:13","slug":"ndermjetesim-ne-punesim","status":"publish","type":"page","link":"https:\/\/sicred.com.al\/en\/ndermjetesim-ne-punesim\/","title":{"rendered":"Employment Mediation"},"content":{"rendered":"<p>[et_pb_section fb_built=&#8221;1&#8243; _builder_version=&#8221;4.16&#8243; _module_preset=&#8221;default&#8221; background_color=&#8221;rgba(0,0,0,0)&#8221; background_image=&#8221;https:\/\/sicred.com.al\/wp-content\/uploads\/2021\/06\/SIGURIMI-I-JETES-ME-MBIJETESE-SJM.jpg&#8221; custom_margin=&#8221;0px|0px|0px|0px|false|false&#8221; custom_padding=&#8221;0px|0px|0px|0px|false|false&#8221; da_disable_devices=&#8221;off|off|off&#8221; locked=&#8221;off&#8221; global_colors_info=&#8221;{}&#8221; da_is_popup=&#8221;off&#8221; da_exit_intent=&#8221;off&#8221; da_has_close=&#8221;on&#8221; da_alt_close=&#8221;off&#8221; da_dark_close=&#8221;off&#8221; da_not_modal=&#8221;on&#8221; da_is_singular=&#8221;off&#8221; da_with_loader=&#8221;off&#8221; da_has_shadow=&#8221;on&#8221;][et_pb_row use_custom_gutter=&#8221;on&#8221; gutter_width=&#8221;1&#8243; custom_padding_last_edited=&#8221;on|phone&#8221; admin_label=&#8221;Mobile Optin Module&#8221; module_class=&#8221; et_pb_row_fullwidth&#8221; _builder_version=&#8221;4.16&#8243; background_color=&#8221;rgba(21,69,119,0.49)&#8221; use_background_color_gradient=&#8221;on&#8221; background_color_gradient_stops=&#8221;rgba(21,69,119,0.9) 0%|rgba(21,69,119,0.65) 100%&#8221; background_color_gradient_start=&#8221;rgba(21,69,119,0.9)&#8221; background_color_gradient_end=&#8221;rgba(21,69,119,0.65)&#8221; width=&#8221;100%&#8221; width_tablet=&#8221;100%&#8221; width_phone=&#8221;&#8221; width_last_edited=&#8221;on|desktop&#8221; max_width=&#8221;100%&#8221; max_width_tablet=&#8221;100%&#8221; max_width_phone=&#8221;&#8221; max_width_last_edited=&#8221;on|desktop&#8221; min_height=&#8221;100%&#8221; height=&#8221;100%&#8221; max_height=&#8221;100%&#8221; custom_padding=&#8221;1%|10%|5%|10%|false|true&#8221; custom_padding_tablet=&#8221;&#8221; custom_padding_phone=&#8221;1%||3%||false|true&#8221; custom_css_main_element=&#8221; overflow: visible;&#8221; make_fullwidth=&#8221;on&#8221; locked=&#8221;off&#8221; collapsed=&#8221;off&#8221; global_colors_info=&#8221;{}&#8221;][et_pb_column type=&#8221;4_4&#8243; _builder_version=&#8221;4.16&#8243; custom_padding=&#8221;10%|10%||10%|false|true&#8221; custom_padding_tablet=&#8221;||40px|&#8221; custom_padding_phone=&#8221;&#8221; custom_padding_last_edited=&#8221;on|tablet&#8221; global_colors_info=&#8221;{}&#8221; custom_padding__hover=&#8221;|||&#8221;][et_pb_text _builder_version=&#8221;4.16&#8243; _module_preset=&#8221;default&#8221; text_font=&#8221;Futura pt||||||||&#8221; header_font=&#8221;Futura pt||||||||&#8221; header_text_align=&#8221;left&#8221; header_font_size=&#8221;40px&#8221; header_2_font=&#8221;Futura pt|||on|||||&#8221; header_2_text_align=&#8221;left&#8221; header_2_text_color=&#8221;#f7f9fc&#8221; header_2_font_size=&#8221;42px&#8221; custom_margin=&#8221;||||false|false&#8221; custom_margin_tablet=&#8221;10%||||false|false&#8221; custom_margin_phone=&#8221;20%||||false|false&#8221; custom_margin_last_edited=&#8221;on|tablet&#8221; header_font_size_tablet=&#8221;25px&#8221; header_font_size_phone=&#8221;&#8221; header_font_size_last_edited=&#8221;on|tablet&#8221; header_2_font_size_tablet=&#8221;30px&#8221; header_2_font_size_phone=&#8221;18px&#8221; header_2_font_size_last_edited=&#8221;on|phone&#8221; border_color_top=&#8221;#154577&#8243; global_colors_info=&#8221;{}&#8221;]<\/p>\n<h2 style=\"text-align: center;\">Employment Mediation<\/h2>\n<p>[\/et_pb_text][\/et_pb_column][\/et_pb_row][\/et_pb_section][et_pb_section fb_built=&#8221;1&#8243; _builder_version=&#8221;4.16&#8243; _module_preset=&#8221;default&#8221; custom_padding=&#8221;21px||0px|||&#8221; da_disable_devices=&#8221;off|off|off&#8221; global_colors_info=&#8221;{}&#8221; da_is_popup=&#8221;off&#8221; da_exit_intent=&#8221;off&#8221; da_has_close=&#8221;on&#8221; da_alt_close=&#8221;off&#8221; da_dark_close=&#8221;off&#8221; da_not_modal=&#8221;on&#8221; da_is_singular=&#8221;off&#8221; da_with_loader=&#8221;off&#8221; da_has_shadow=&#8221;on&#8221;][et_pb_row column_structure=&#8221;2_3,1_3&#8243; _builder_version=&#8221;4.16&#8243; _module_preset=&#8221;default&#8221; global_colors_info=&#8221;{}&#8221;][et_pb_column type=&#8221;2_3&#8243; _builder_version=&#8221;4.16&#8243; _module_preset=&#8221;default&#8221; global_colors_info=&#8221;{}&#8221;][et_pb_text _builder_version=&#8221;4.19.4&#8243; _module_preset=&#8221;default&#8221; text_font_size=&#8221;15px&#8221; header_3_font=&#8221;|||on|||||&#8221; header_3_text_color=&#8221;#154577&#8243; header_3_font_size=&#8221;20px&#8221; header_4_text_color=&#8221;#154577&#8243; header_4_font_size=&#8221;17px&#8221; header_5_font=&#8221;|||on|||||&#8221; header_5_text_color=&#8221;#c52b1b&#8221; header_5_font_size=&#8221;17px&#8221; vertical_offset_tablet=&#8221;0&#8243; horizontal_offset_tablet=&#8221;0&#8243; hover_enabled=&#8221;0&#8243; z_index_tablet=&#8221;0&#8243; text_text_shadow_horizontal_length_tablet=&#8221;0px&#8221; text_text_shadow_vertical_length_tablet=&#8221;0px&#8221; text_text_shadow_blur_strength_tablet=&#8221;1px&#8221; link_text_shadow_horizontal_length_tablet=&#8221;0px&#8221; link_text_shadow_vertical_length_tablet=&#8221;0px&#8221; link_text_shadow_blur_strength_tablet=&#8221;1px&#8221; ul_text_shadow_horizontal_length_tablet=&#8221;0px&#8221; ul_text_shadow_vertical_length_tablet=&#8221;0px&#8221; ul_text_shadow_blur_strength_tablet=&#8221;1px&#8221; ol_text_shadow_horizontal_length_tablet=&#8221;0px&#8221; ol_text_shadow_vertical_length_tablet=&#8221;0px&#8221; ol_text_shadow_blur_strength_tablet=&#8221;1px&#8221; quote_text_shadow_horizontal_length_tablet=&#8221;0px&#8221; quote_text_shadow_vertical_length_tablet=&#8221;0px&#8221; quote_text_shadow_blur_strength_tablet=&#8221;1px&#8221; header_text_shadow_horizontal_length_tablet=&#8221;0px&#8221; header_text_shadow_vertical_length_tablet=&#8221;0px&#8221; header_text_shadow_blur_strength_tablet=&#8221;1px&#8221; header_2_text_shadow_horizontal_length_tablet=&#8221;0px&#8221; header_2_text_shadow_vertical_length_tablet=&#8221;0px&#8221; header_2_text_shadow_blur_strength_tablet=&#8221;1px&#8221; header_3_text_shadow_horizontal_length_tablet=&#8221;0px&#8221; header_3_text_shadow_vertical_length_tablet=&#8221;0px&#8221; header_3_text_shadow_blur_strength_tablet=&#8221;1px&#8221; header_4_text_shadow_horizontal_length_tablet=&#8221;0px&#8221; header_4_text_shadow_vertical_length_tablet=&#8221;0px&#8221; header_4_text_shadow_blur_strength_tablet=&#8221;1px&#8221; header_5_text_shadow_horizontal_length_tablet=&#8221;0px&#8221; header_5_text_shadow_vertical_length_tablet=&#8221;0px&#8221; header_5_text_shadow_blur_strength_tablet=&#8221;1px&#8221; header_6_text_shadow_horizontal_length_tablet=&#8221;0px&#8221; header_6_text_shadow_vertical_length_tablet=&#8221;0px&#8221; header_6_text_shadow_blur_strength_tablet=&#8221;1px&#8221; box_shadow_horizontal_tablet=&#8221;0px&#8221; box_shadow_vertical_tablet=&#8221;0px&#8221; box_shadow_blur_tablet=&#8221;40px&#8221; box_shadow_spread_tablet=&#8221;0px&#8221; global_colors_info=&#8221;{}&#8221; sticky_enabled=&#8221;0&#8243;]<\/p>\n<h3>Employment Mediation<\/h3>\n<p><span>SiCRED Assistance offers mediation services on the job market, as a private employment agency, based on a specific licence that has been obtained for this service by the Albanian state authorities, through a dedicated team of committed, qualified and experienced professionals. You will have the best support and legal advice from our lawyers. These services include the following: <\/span><\/p>\n<ol>\n<li><span>Advice for employment procedures <\/span><\/li>\n<li><span>Advice and consultations <\/span><\/li>\n<li><span>Advice for employment contracts <\/span><\/li>\n<li><span>Procedures for foreign workers employment mediation <\/span><\/li>\n<li><span>Cooperation with international partners <\/span><\/li>\n<\/ol>\n<p><span>For more information <a href=\"https:\/\/sicred-assistance.com.al\/ndermjetesimit-ne-punesim\/?lang=en\">click here<\/a> or contact SiCRED Assistance through:<\/span><\/p>\n<p><span>e-mail: <a href=\"mailto:contact@sicred-assistance.com.al\">contact@sicred-assistance.com.al<\/a><\/span><\/p>\n<p><span>Tel: +355 4 22 37 549<\/span><\/p>\n<p>[\/et_pb_text][et_pb_text _builder_version=&#8221;4.19.4&#8243; _module_preset=&#8221;default&#8221; hover_enabled=&#8221;0&#8243; sticky_enabled=&#8221;0&#8243; disabled_on=&#8221;on|on|on&#8221; disabled=&#8221;on&#8221;]<\/p>\n<p>SiCRED ASSISTANCE L.L.C offers the service of employment mediation in compliance with license No. LN-2371 \u2013 11 2016 issued on 25.11.2016.<\/p>\n<h5>This activity is extended in the following operations:<\/h5>\n<ul>\n<li><span>Information on the latest job vacancies;<\/span><\/li>\n<li><span>Employment mediation;<\/span><\/li>\n<li><span>Profession and Job consultancy and orientation;<\/span><\/li>\n<li><span>Information and advising;<\/span><\/li>\n<li><span>Employment guideline, evaluation of needs, methods of career or profession development;<\/span><\/li>\n<li><span>Participation in the market improvement through trainings and intervention for the improvement of labor market legislation;<\/span><\/li>\n<li><span>Mediation services for both the employer and employee or mediation services not necessarily or closely related to matters of employment;<\/span><\/li>\n<li><span>Etc..<\/span><span><\/span><\/li>\n<\/ul>\n<p><span>Services that are offered for the employer are mainly related to the information of the labor market, services for offering the possible candidates for job recruitment, information on different schemes of labor market\u2026etc..<\/span><\/p>\n<h5>Migration services<\/h5>\n<p><span>Migration services are offered in the field of migration and that of emigration. Under this definition of \u201cemigration\u201d, we offer legal consultancy and employment mediation within the framework of legal stipulations of Law no.108\/2013, date 28.03.02013 \u201cFor the Foreigners\u201d, which lays out the regime of entrance, residence, employment, treatment and leave of the foreigners in the Republic of Albania.<\/span><\/p>\n<p>Referring to the subjects well-specified in this law, all the foreign citizens that aim to enter the Republic of Albania territory for the purposes of transit, employment, studies or readmission, are all identified, accordingly. The foreigners are treated in compliance with their fundamental rights and freedom as well as through the international agreements which the Republic of Albania has ratified.<\/p>\n<h5>CONTACT US to benefit from this service!<\/h5>\n<h4>Tirana:<\/h4>\n<p>e-mail: shitje@sicred.com.al<br \/>Mob: +355 697071501<\/p>\n<p><a href=\"https:\/\/sicred.com.al\/en\/rrjeti-i-degeve\/?lang=en\">Click for SiCRED Network of Branches<\/a><\/p>\n<p>For more information on the services provided by SiCRED Assistance sh.p.k., visit the official website.<br \/><a href=\"http:\/\/www.sicred-assistance.com.al\/?lang=sq\">www.sicred-assistance.com.al<\/a><\/p>\n<p>[\/et_pb_text][\/et_pb_column][et_pb_column type=&#8221;1_3&#8243; _builder_version=&#8221;4.16&#8243; _module_preset=&#8221;default&#8221; global_colors_info=&#8221;{}&#8221;][et_pb_sidebar orientation=&#8221;right&#8221; area=&#8221;et_pb_widget_area_14&#8243; _builder_version=&#8221;4.16&#8243; _module_preset=&#8221;default&#8221; global_colors_info=&#8221;{}&#8221;]<br \/>\n[\/et_pb_sidebar][\/et_pb_column][\/et_pb_row][\/et_pb_section][et_pb_section fb_built=&#8221;1&#8243; disabled_on=&#8221;on|on|on&#8221; _builder_version=&#8221;4.16&#8243; _module_preset=&#8221;default&#8221; custom_padding=&#8221;21px||0px|||&#8221; da_disable_devices=&#8221;off|off|off&#8221; disabled=&#8221;on&#8221; global_colors_info=&#8221;{}&#8221; da_is_popup=&#8221;off&#8221; da_exit_intent=&#8221;off&#8221; da_has_close=&#8221;on&#8221; da_alt_close=&#8221;off&#8221; da_dark_close=&#8221;off&#8221; da_not_modal=&#8221;on&#8221; da_is_singular=&#8221;off&#8221; da_with_loader=&#8221;off&#8221; da_has_shadow=&#8221;on&#8221;][et_pb_row column_structure=&#8221;1_4,1_4,1_4,1_4&#8243; _builder_version=&#8221;4.16&#8243; _module_preset=&#8221;default&#8221; border_width_top=&#8221;1px&#8221; border_color_top=&#8221;rgba(51,51,51,0.1)&#8221; global_colors_info=&#8221;{}&#8221;][et_pb_column type=&#8221;1_4&#8243; _builder_version=&#8221;4.16&#8243; _module_preset=&#8221;default&#8221; global_colors_info=&#8221;{}&#8221;][et_pb_blurb title=&#8221;Na kontaktoni&#8221; use_icon=&#8221;on&#8221; font_icon=&#8221;&#x77;||divi||400&#8243; icon_color=&#8221;#c52b1b&#8221; image_icon_width=&#8221;20px&#8221; _builder_version=&#8221;4.16&#8243; _module_preset=&#8221;default&#8221; header_level=&#8221;h6&#8243; header_font=&#8221;Futura pt|||on|||||&#8221; header_text_align=&#8221;center&#8221; header_text_color=&#8221;#154577&#8243; header_font_size=&#8221;20px&#8221; body_font=&#8221;Futura pt||||||||&#8221; body_text_align=&#8221;center&#8221; body_font_size=&#8221;15px&#8221; custom_padding=&#8221;|20px|||false|false&#8221; custom_css_blurb_image=&#8221;width: 50px !important;&#8221; border_color_right=&#8221;rgba(51,51,51,0.1)&#8221; border_color_bottom=&#8221;rgba(51,51,51,0.4)&#8221; icon_font_size=&#8221;20px&#8221; locked=&#8221;off&#8221; global_colors_info=&#8221;{}&#8221;]<\/p>\n<p><span>p\u00ebr t\u00eb l\u00ebn\u00eb nj\u00eb takim me agjent\u00ebt tan\u00eb t\u00eb shitjeve.<\/span><\/p>\n<p>[\/et_pb_blurb][\/et_pb_column][et_pb_column type=&#8221;1_4&#8243; _builder_version=&#8221;4.16&#8243; _module_preset=&#8221;default&#8221; global_colors_info=&#8221;{}&#8221;][et_pb_blurb title=&#8221;Lini takimin tuaj online&#8221; use_icon=&#8221;on&#8221; font_icon=&#8221;&#xe023;||divi||400&#8243; icon_color=&#8221;#c52b1b&#8221; image_icon_width=&#8221;20px&#8221; _builder_version=&#8221;4.16&#8243; _module_preset=&#8221;default&#8221; header_level=&#8221;h6&#8243; header_font=&#8221;Futura pt|||on|||||&#8221; header_text_align=&#8221;center&#8221; header_text_color=&#8221;#154577&#8243; header_font_size=&#8221;20px&#8221; body_font=&#8221;Futura pt||||||||&#8221; body_font_size=&#8221;15px&#8221; custom_padding=&#8221;|20px|||false|false&#8221; custom_css_blurb_image=&#8221;width: 50px !important;&#8221; border_color_right=&#8221;rgba(51,51,51,0.1)&#8221; border_color_bottom=&#8221;rgba(51,51,51,0.4)&#8221; icon_font_size=&#8221;20px&#8221; locked=&#8221;off&#8221; global_colors_info=&#8221;{}&#8221;]<br \/>\n[\/et_pb_blurb][\/et_pb_column][et_pb_column type=&#8221;1_4&#8243; _builder_version=&#8221;4.16&#8243; _module_preset=&#8221;default&#8221; global_colors_info=&#8221;{}&#8221;][et_pb_blurb title=&#8221;Aplikoni online p\u00ebr sigurimin&#8221; use_icon=&#8221;on&#8221; font_icon=&#8221;&#xe01a;||divi||400&#8243; icon_color=&#8221;#c52b1b&#8221; image_icon_width=&#8221;20px&#8221; _builder_version=&#8221;4.16&#8243; _module_preset=&#8221;default&#8221; header_level=&#8221;h6&#8243; header_font=&#8221;Futura pt|||on|||||&#8221; header_text_align=&#8221;center&#8221; header_text_color=&#8221;#154577&#8243; header_font_size=&#8221;20px&#8221; body_font=&#8221;Futura pt||||||||&#8221; body_font_size=&#8221;15px&#8221; custom_padding=&#8221;|20px|||false|false&#8221; custom_css_blurb_image=&#8221;width: 50px !important;&#8221; border_color_right=&#8221;rgba(51,51,51,0.1)&#8221; border_color_bottom=&#8221;rgba(51,51,51,0.4)&#8221; icon_font_size=&#8221;20px&#8221; locked=&#8221;off&#8221; global_colors_info=&#8221;{}&#8221;]<br \/>\n[\/et_pb_blurb][\/et_pb_column][et_pb_column type=&#8221;1_4&#8243; _builder_version=&#8221;4.16&#8243; _module_preset=&#8221;default&#8221; global_colors_info=&#8221;{}&#8221;][et_pb_blurb title=&#8221;Informacion mbi kart\u00ebn e sigurimit&#8221; use_icon=&#8221;on&#8221; font_icon=&#8221;&#x69;||divi||400&#8243; icon_color=&#8221;#c52b1b&#8221; image_icon_width=&#8221;20px&#8221; _builder_version=&#8221;4.16&#8243; _module_preset=&#8221;default&#8221; header_level=&#8221;h6&#8243; header_font=&#8221;Futura pt|||on|||||&#8221; header_text_align=&#8221;center&#8221; header_text_color=&#8221;#154577&#8243; header_font_size=&#8221;20px&#8221; body_font=&#8221;Futura pt||||||||&#8221; body_font_size=&#8221;15px&#8221; custom_padding=&#8221;|20px|||false|false&#8221; custom_css_blurb_image=&#8221;width: 50px !important;&#8221; border_color_right=&#8221;rgba(51,51,51,0.1)&#8221; border_color_bottom=&#8221;rgba(51,51,51,0.4)&#8221; icon_font_size=&#8221;20px&#8221; locked=&#8221;off&#8221; global_colors_info=&#8221;{}&#8221;]<br \/>\n[\/et_pb_blurb][\/et_pb_column][\/et_pb_row][et_pb_row column_structure=&#8221;1_4,1_4,1_4,1_4&#8243; _builder_version=&#8221;4.16&#8243; _module_preset=&#8221;default&#8221; custom_padding=&#8221;0px|||||&#8221; global_colors_info=&#8221;{}&#8221;][et_pb_column type=&#8221;1_4&#8243; _builder_version=&#8221;4.16&#8243; _module_preset=&#8221;default&#8221; global_colors_info=&#8221;{}&#8221;][et_pb_blurb title=&#8221;Ekstrakt nga Kushtet e P\u00ebrgjithshme&#8221; use_icon=&#8221;on&#8221; font_icon=&#8221;&#xe101;||divi||400&#8243; icon_color=&#8221;#c52b1b&#8221; image_icon_width=&#8221;20px&#8221; _builder_version=&#8221;4.16&#8243; _module_preset=&#8221;default&#8221; header_level=&#8221;h6&#8243; header_font=&#8221;Futura pt|||on|||||&#8221; header_text_align=&#8221;center&#8221; header_text_color=&#8221;#154577&#8243; header_font_size=&#8221;20px&#8221; body_font=&#8221;Futura pt||||||||&#8221; body_font_size=&#8221;15px&#8221; custom_padding=&#8221;|20px|||false|false&#8221; custom_css_blurb_image=&#8221;width: 50px !important;&#8221; border_color_right=&#8221;rgba(51,51,51,0.1)&#8221; border_color_bottom=&#8221;rgba(51,51,51,0.4)&#8221; icon_font_size=&#8221;20px&#8221; locked=&#8221;off&#8221; global_colors_info=&#8221;{}&#8221;]<br \/>\n[\/et_pb_blurb][\/et_pb_column][et_pb_column type=&#8221;1_4&#8243; _builder_version=&#8221;4.16&#8243; _module_preset=&#8221;default&#8221; global_colors_info=&#8221;{}&#8221;][et_pb_blurb title=&#8221;Raporto d\u00ebmin&#8221; use_icon=&#8221;on&#8221; font_icon=&#8221;&#x73;||divi||400&#8243; icon_color=&#8221;#c52b1b&#8221; image_icon_width=&#8221;20px&#8221; _builder_version=&#8221;4.16&#8243; _module_preset=&#8221;default&#8221; header_level=&#8221;h6&#8243; header_font=&#8221;Futura pt|||on|||||&#8221; header_text_align=&#8221;center&#8221; header_text_color=&#8221;#154577&#8243; header_font_size=&#8221;20px&#8221; body_font=&#8221;Futura pt||||||||&#8221; body_font_size=&#8221;15px&#8221; custom_padding=&#8221;|20px|||false|false&#8221; custom_css_blurb_image=&#8221;width: 50px !important;&#8221; border_color_right=&#8221;rgba(51,51,51,0.1)&#8221; border_color_bottom=&#8221;rgba(51,51,51,0.4)&#8221; icon_font_size=&#8221;20px&#8221; locked=&#8221;off&#8221; global_colors_info=&#8221;{}&#8221;]<br \/>\n[\/et_pb_blurb][\/et_pb_column][et_pb_column type=&#8221;1_4&#8243; _builder_version=&#8221;4.16&#8243; _module_preset=&#8221;default&#8221; global_colors_info=&#8221;{}&#8221;][et_pb_blurb title=&#8221;Informacion mbi Taksat dhe Tatimet&#8221; use_icon=&#8221;on&#8221; font_icon=&#8221;&#x68;||divi||400&#8243; icon_color=&#8221;#c52b1b&#8221; image_icon_width=&#8221;20px&#8221; _builder_version=&#8221;4.16&#8243; _module_preset=&#8221;default&#8221; header_level=&#8221;h6&#8243; header_font=&#8221;Futura pt|||on|||||&#8221; header_text_align=&#8221;center&#8221; header_text_color=&#8221;#154577&#8243; header_font_size=&#8221;20px&#8221; body_font=&#8221;Futura pt||||||||&#8221; body_font_size=&#8221;15px&#8221; custom_padding=&#8221;|20px|||false|false&#8221; custom_css_blurb_image=&#8221;width: 50px !important;&#8221; border_color_right=&#8221;rgba(51,51,51,0.1)&#8221; border_color_bottom=&#8221;rgba(51,51,51,0.4)&#8221; icon_font_size=&#8221;20px&#8221; locked=&#8221;off&#8221; global_colors_info=&#8221;{}&#8221;]<br \/>\n[\/et_pb_blurb][\/et_pb_column][et_pb_column type=&#8221;1_4&#8243; _builder_version=&#8221;4.16&#8243; _module_preset=&#8221;default&#8221; global_colors_info=&#8221;{}&#8221;][\/et_pb_column][\/et_pb_row][\/et_pb_section][et_pb_section fb_built=&#8221;1&#8243; fullwidth=&#8221;on&#8221; _builder_version=&#8221;4.16&#8243; da_disable_devices=&#8221;off|off|off&#8221; global_colors_info=&#8221;{}&#8221; da_is_popup=&#8221;off&#8221; da_exit_intent=&#8221;off&#8221; da_has_close=&#8221;on&#8221; da_alt_close=&#8221;off&#8221; da_dark_close=&#8221;off&#8221; da_not_modal=&#8221;on&#8221; da_is_singular=&#8221;off&#8221; da_with_loader=&#8221;off&#8221; da_has_shadow=&#8221;on&#8221;][et_pb_fullwidth_image _builder_version=&#8221;4.16&#8243; global_colors_info=&#8221;{}&#8221;]<br \/>\n[\/et_pb_fullwidth_image][\/et_pb_section]<\/p>\n","protected":false},"excerpt":{"rendered":"<p>Employment MediationEmployment Mediation SiCRED Assistance offers mediation services on the job market, as a private employment agency, based on a specific licence that has been obtained for this service by the Albanian state authorities, through a dedicated team of committed, qualified and experienced professionals. You will have the best support and legal advice from our [&hellip;]<\/p>\n","protected":false},"author":2,"featured_media":0,"parent":0,"menu_order":0,"comment_status":"closed","ping_status":"closed","template":"","meta":{"_et_pb_use_builder":"on","_et_pb_old_content":"","_et_gb_content_width":"","inline_featured_image":false,"_monsterinsights_skip_tracking":false,"_monsterinsights_sitenote_active":false,"_monsterinsights_sitenote_note":"","_monsterinsights_sitenote_category":0,"footnotes":""},"class_list":["post-225991","page","type-page","status-publish","hentry"],"aioseo_notices":[],"_links":{"self":[{"href":"https:\/\/sicred.com.al\/en\/wp-json\/wp\/v2\/pages\/225991","targetHints":{"allow":["GET"]}}],"collection":[{"href":"https:\/\/sicred.com.al\/en\/wp-json\/wp\/v2\/pages"}],"about":[{"href":"https:\/\/sicred.com.al\/en\/wp-json\/wp\/v2\/types\/page"}],"author":[{"embeddable":true,"href":"https:\/\/sicred.com.al\/en\/wp-json\/wp\/v2\/users\/2"}],"replies":[{"embeddable":true,"href":"https:\/\/sicred.com.al\/en\/wp-json\/wp\/v2\/comments?post=225991"}],"version-history":[{"count":8,"href":"https:\/\/sicred.com.al\/en\/wp-json\/wp\/v2\/pages\/225991\/revisions"}],"predecessor-version":[{"id":241792,"href":"https:\/\/sicred.com.al\/en\/wp-json\/wp\/v2\/pages\/225991\/revisions\/241792"}],"wp:attachment":[{"href":"https:\/\/sicred.com.al\/en\/wp-json\/wp\/v2\/media?parent=225991"}],"curies":[{"name":"wp","href":"https:\/\/api.w.org\/{rel}","templated":true}]}}